{"id":178,"date":"2023-10-23T20:29:32","date_gmt":"2023-10-24T00:29:32","guid":{"rendered":"https:\/\/missdarling.art\/?page_id=178"},"modified":"2026-01-12T15:47:18","modified_gmt":"2026-01-12T20:47:18","slug":"bio-cv","status":"publish","type":"page","link":"https:\/\/missdarling.art\/fr\/bio-cv\/","title":{"rendered":"Bio \/ CV"},"content":{"rendered":"\t\t<div data-elementor-type=\"wp-page\" data-elementor-id=\"178\" class=\"elementor elementor-178\" data-elementor-post-type=\"page\">\n\t\t\t\t<div class=\"elementor-element elementor-element-dce02c2 e-con-full e-flex e-con e-parent\" data-id=\"dce02c2\" data-element_type=\"container\" data-settings=\"{&quot;background_background&quot;:&quot;classic&quot;}\">\n\t\t<div class=\"elementor-element elementor-element-bb07dcb e-flex e-con-boxed e-con e-child\" data-id=\"bb07dcb\" data-element_type=\"container\">\n\t\t\t\t\t<div class=\"e-con-inner\">\n\t\t<div class=\"elementor-element elementor-element-009f43f e-con-full e-flex e-con e-child\" data-id=\"009f43f\" data-element_type=\"container\" data-settings=\"{&quot;background_background&quot;:&quot;classic&quot;}\">\n\t\t\t\t<\/div>\n\t\t<div class=\"elementor-element elementor-element-28e22c9 e-con-full e-flex e-con e-child\" data-id=\"28e22c9\" data-element_type=\"container\">\n\t\t\t\t<div class=\"elementor-element elementor-element-0cf0efb elementor-widget elementor-widget-heading\" data-id=\"0cf0efb\" data-element_type=\"widget\" data-widget_type=\"heading.default\">\n\t\t\t\t<div class=\"elementor-widget-container\">\n\t\t\t\t\t<h2 class=\"elementor-heading-title elementor-size-default\">Biographie<\/h2>\t\t\t\t<\/div>\n\t\t\t\t<\/div>\n\t\t\t\t<div class=\"elementor-element elementor-element-4d23c7f elementor-widget elementor-widget-text-editor\" data-id=\"4d23c7f\" data-element_type=\"widget\" data-widget_type=\"text-editor.default\">\n\t\t\t\t<div class=\"elementor-widget-container\">\n\t\t\t\t\t\t\t\t\t<p>N\u00e9e \u00e0 Halifax en Nouvelle-\u00c9cosse en 1981 et \u00e9tablie dans les Laurentides depuis plus de 20 ans, Sascha Nadeau travaille en tant qu\u2019enseignante en Int\u00e9gration multim\u00e9dia au C\u00e9gep de Saint-J\u00e9r\u00f4me (CSTJ). Depuis sa tendre enfance, elle trouve un \u00e9quilibre en pratiquant plusieurs formes d\u2019arts, notamment la danse, la peinture, la photographie et le dessin.<\/p><p>D\u00e9tenant un DEC en Techniques d\u2019int\u00e9gration multim\u00e9dia (2003) du CSTJ et un BAC en Arts visuels &#8211; Design graphique (2006) de l\u2019Universit\u00e9 Laval, cette artiste peintre autodidacte est multidisciplinaire. Oscillant entre l\u2019art num\u00e9rique et l\u2019art traditionnel, elle explore constamment divers m\u00e9diums. En 2023, elle suit une attestation de sp\u00e9cialisation professionnelle en D\u00e9marrage d\u2019entreprise en arts visuels de Zoom Acad\u00e9mie. D\u00e8s lors, elle d\u00e9cide de mettre en lumi\u00e8re ses talents artistiques et de se lancer officiellement dans le milieu. Depuis 2024, elle s&rsquo;implique dans le milieu en tant que membre de l&rsquo;Association des artistes en arts visuels de Terrebonne et si\u00e8ge m\u00eame au sein du conseil d&rsquo;administration \u00e0 titre de Conseill\u00e8re en communication. Elle aspire \u00e0 \u00eatre reconnue en tant qu\u2019artiste professionnelle et souhaite faire rayonner les arts visuels issus de la riche culture qu\u00e9b\u00e9coise, tout en puisant dans ses racines n\u00e9o-\u00e9cossaises acadiennes.<\/p>\t\t\t\t\t\t\t\t<\/div>\n\t\t\t\t<\/div>\n\t\t\t\t<\/div>\n\t\t\t\t\t<\/div>\n\t\t\t\t<\/div>\n\t\t\t\t<\/div>\n\t\t<div class=\"elementor-element elementor-element-de42705 e-con-full e-flex e-con e-parent\" data-id=\"de42705\" data-element_type=\"container\" data-settings=\"{&quot;background_background&quot;:&quot;classic&quot;}\">\n\t\t<div class=\"elementor-element elementor-element-a9c2ddb e-flex e-con-boxed e-con e-child\" data-id=\"a9c2ddb\" data-element_type=\"container\">\n\t\t\t\t\t<div class=\"e-con-inner\">\n\t\t<div class=\"elementor-element elementor-element-9f53a4c e-con-full e-flex e-con e-child\" data-id=\"9f53a4c\" data-element_type=\"container\">\n\t\t\t\t<div class=\"elementor-element elementor-element-147e391 elementor-widget elementor-widget-heading\" data-id=\"147e391\" data-element_type=\"widget\" data-widget_type=\"heading.default\">\n\t\t\t\t<div class=\"elementor-widget-container\">\n\t\t\t\t\t<h2 class=\"elementor-heading-title elementor-size-default\">D\u00e9marche artistique<\/h2>\t\t\t\t<\/div>\n\t\t\t\t<\/div>\n\t\t\t\t<div class=\"elementor-element elementor-element-ae46608 elementor-widget elementor-widget-text-editor\" data-id=\"ae46608\" data-element_type=\"widget\" data-widget_type=\"text-editor.default\">\n\t\t\t\t<div class=\"elementor-widget-container\">\n\t\t\t\t\t\t\t\t\t<p>L\u2019environnement, dans tous les sens du terme, est pour moi un lieu de cr\u00e9ation, de beaut\u00e9, de simplicit\u00e9 et de polarit\u00e9s. C\u2019est en examinant ces diverses polarit\u00e9s que je r\u00e9ussis \u00e0 trouver un certain \u00e9quilibre, que ce soit entre le calme et la passion, l\u2019esth\u00e9tique et le hideux, le traditionnel et le num\u00e9rique, ou encore l\u2019intuition et l\u2019intention. Je suis en exploration continue de ce qui me fait vibrer, de ce que je souhaite partager.<\/p><p>De plus, dans un monde \u00e9ph\u00e9m\u00e8re qui vit \u00e0 une vitesse fr\u00e9n\u00e9tique, mon d\u00e9sir de conserver et de cr\u00e9er un souvenir de ce qui est beau et pr\u00e9cieux devient de plus en plus criant. Je souhaite offrir, par mes cr\u00e9ations, un moment de pause pour tous, peu importe la dur\u00e9e, seulement le temps de contempler et de se rem\u00e9morer ce qui nous tient \u00e0 c\u0153ur.<\/p><p>Autodidacte en aquarelle, acrylique et techniques mixtes, je suis en constante admiration pour les coups de pinceaux et la douceur des couleurs qui se m\u00e9langent. Ces traits et couleurs, tant\u00f4t calcul\u00e9s, tant\u00f4t improvis\u00e9s, d\u00e9voilent des sujets qui me sont chers : la splendeur et la fragilit\u00e9 du monde qui nous entoure, notamment l\u2019humain, la faune et la flore.<\/p>\t\t\t\t\t\t\t\t<\/div>\n\t\t\t\t<\/div>\n\t\t\t\t<\/div>\n\t\t<div class=\"elementor-element elementor-element-548b4a4 e-con-full e-flex e-con e-child\" data-id=\"548b4a4\" data-element_type=\"container\">\n\t\t\t\t<div class=\"elementor-element elementor-element-14e5210 elementor-widget elementor-widget-gallery\" data-id=\"14e5210\" data-element_type=\"widget\" data-settings=\"{&quot;gallery_layout&quot;:&quot;justified&quot;,&quot;lazyload&quot;:&quot;yes&quot;,&quot;ideal_row_height&quot;:{&quot;unit&quot;:&quot;px&quot;,&quot;size&quot;:200,&quot;sizes&quot;:[]},&quot;ideal_row_height_tablet&quot;:{&quot;unit&quot;:&quot;px&quot;,&quot;size&quot;:150,&quot;sizes&quot;:[]},&quot;ideal_row_height_mobile&quot;:{&quot;unit&quot;:&quot;px&quot;,&quot;size&quot;:150,&quot;sizes&quot;:[]},&quot;gap&quot;:{&quot;unit&quot;:&quot;px&quot;,&quot;size&quot;:10,&quot;sizes&quot;:[]},&quot;gap_tablet&quot;:{&quot;unit&quot;:&quot;px&quot;,&quot;size&quot;:10,&quot;sizes&quot;:[]},&quot;gap_mobile&quot;:{&quot;unit&quot;:&quot;px&quot;,&quot;size&quot;:10,&quot;sizes&quot;:[]},&quot;link_to&quot;:&quot;file&quot;,&quot;overlay_background&quot;:&quot;yes&quot;,&quot;content_hover_animation&quot;:&quot;fade-in&quot;}\" data-widget_type=\"gallery.default\">\n\t\t\t\t<div class=\"elementor-widget-container\">\n\t\t\t\t\t\t\t<div class=\"elementor-gallery__container\">\n\t\t\t\t\t\t\t<a class=\"e-gallery-item elementor-gallery-item elementor-animated-content\" href=\"https:\/\/missdarling.art\/wp-content\/uploads\/2023\/11\/magnolia.jpg\" data-elementor-open-lightbox=\"yes\" data-elementor-lightbox-slideshow=\"14e5210\" data-elementor-lightbox-title=\"magnolia\" data-e-action-hash=\"#elementor-action%3Aaction%3Dlightbox%26settings%3DeyJpZCI6NTg3LCJ1cmwiOiJodHRwczpcL1wvbWlzc2RhcmxpbmcuYXJ0XC93cC1jb250ZW50XC91cGxvYWRzXC8yMDIzXC8xMVwvbWFnbm9saWEuanBnIiwic2xpZGVzaG93IjoiMTRlNTIxMCJ9\">\n\t\t\t\t\t<div class=\"e-gallery-image elementor-gallery-item__image\" data-thumbnail=\"https:\/\/missdarling.art\/wp-content\/uploads\/2023\/11\/magnolia-298x300.jpg\" data-width=\"298\" data-height=\"300\" aria-label=\"Miss Darling Art oeuvre - Magnolia\" role=\"img\" ><\/div>\n\t\t\t\t\t\t\t\t\t\t\t<div class=\"elementor-gallery-item__overlay\"><\/div>\n\t\t\t\t\t\t\t\t\t\t\t\t\t\t<\/a>\n\t\t\t\t\t\t\t<a class=\"e-gallery-item elementor-gallery-item elementor-animated-content\" href=\"https:\/\/missdarling.art\/wp-content\/uploads\/2023\/11\/douceMer-scaled.webp\" data-elementor-open-lightbox=\"yes\" data-elementor-lightbox-slideshow=\"14e5210\" data-elementor-lightbox-title=\"douceMer\" data-e-action-hash=\"#elementor-action%3Aaction%3Dlightbox%26settings%3DeyJpZCI6NTc2LCJ1cmwiOiJodHRwczpcL1wvbWlzc2RhcmxpbmcuYXJ0XC93cC1jb250ZW50XC91cGxvYWRzXC8yMDIzXC8xMVwvZG91Y2VNZXItc2NhbGVkLndlYnAiLCJzbGlkZXNob3ciOiIxNGU1MjEwIn0%3D\">\n\t\t\t\t\t<div class=\"e-gallery-image elementor-gallery-item__image\" data-thumbnail=\"https:\/\/missdarling.art\/wp-content\/uploads\/2023\/11\/douceMer-300x200.webp\" data-width=\"300\" data-height=\"200\" aria-label=\"Miss Darling Art oeuvre - Douce Mer\" role=\"img\" ><\/div>\n\t\t\t\t\t\t\t\t\t\t\t<div class=\"elementor-gallery-item__overlay\"><\/div>\n\t\t\t\t\t\t\t\t\t\t\t\t\t\t<\/a>\n\t\t\t\t\t\t\t<a class=\"e-gallery-item elementor-gallery-item elementor-animated-content\" href=\"https:\/\/missdarling.art\/wp-content\/uploads\/2023\/11\/littleFishies-scaled.webp\" data-elementor-open-lightbox=\"yes\" data-elementor-lightbox-slideshow=\"14e5210\" data-elementor-lightbox-title=\"littleFishies\" data-e-action-hash=\"#elementor-action%3Aaction%3Dlightbox%26settings%3DeyJpZCI6NTg1LCJ1cmwiOiJodHRwczpcL1wvbWlzc2RhcmxpbmcuYXJ0XC93cC1jb250ZW50XC91cGxvYWRzXC8yMDIzXC8xMVwvbGl0dGxlRmlzaGllcy1zY2FsZWQud2VicCIsInNsaWRlc2hvdyI6IjE0ZTUyMTAifQ%3D%3D\">\n\t\t\t\t\t<div class=\"e-gallery-image elementor-gallery-item__image\" data-thumbnail=\"https:\/\/missdarling.art\/wp-content\/uploads\/2023\/11\/littleFishies-300x219.webp\" data-width=\"300\" data-height=\"219\" aria-label=\"Miss Darling Art oeuvre - Fischies\" role=\"img\" ><\/div>\n\t\t\t\t\t\t\t\t\t\t\t<div class=\"elementor-gallery-item__overlay\"><\/div>\n\t\t\t\t\t\t\t\t\t\t\t\t\t\t<\/a>\n\t\t\t\t\t\t\t<a class=\"e-gallery-item elementor-gallery-item elementor-animated-content\" href=\"https:\/\/missdarling.art\/wp-content\/uploads\/2023\/11\/artDePlaire.webp\" data-elementor-open-lightbox=\"yes\" data-elementor-lightbox-slideshow=\"14e5210\" data-elementor-lightbox-title=\"artDePlaire\" data-e-action-hash=\"#elementor-action%3Aaction%3Dlightbox%26settings%3DeyJpZCI6NTcwLCJ1cmwiOiJodHRwczpcL1wvbWlzc2RhcmxpbmcuYXJ0XC93cC1jb250ZW50XC91cGxvYWRzXC8yMDIzXC8xMVwvYXJ0RGVQbGFpcmUud2VicCIsInNsaWRlc2hvdyI6IjE0ZTUyMTAifQ%3D%3D\">\n\t\t\t\t\t<div class=\"e-gallery-image elementor-gallery-item__image\" data-thumbnail=\"https:\/\/missdarling.art\/wp-content\/uploads\/2023\/11\/artDePlaire-241x300.webp\" data-width=\"241\" data-height=\"300\" aria-label=\"\" role=\"img\" ><\/div>\n\t\t\t\t\t\t\t\t\t\t\t<div class=\"elementor-gallery-item__overlay\"><\/div>\n\t\t\t\t\t\t\t\t\t\t\t\t\t\t<\/a>\n\t\t\t\t\t\t\t<a class=\"e-gallery-item elementor-gallery-item elementor-animated-content\" href=\"https:\/\/missdarling.art\/wp-content\/uploads\/2023\/11\/shroom2.webp\" data-elementor-open-lightbox=\"yes\" data-elementor-lightbox-slideshow=\"14e5210\" data-elementor-lightbox-title=\"shroom2\" data-e-action-hash=\"#elementor-action%3Aaction%3Dlightbox%26settings%3DeyJpZCI6NTkzLCJ1cmwiOiJodHRwczpcL1wvbWlzc2RhcmxpbmcuYXJ0XC93cC1jb250ZW50XC91cGxvYWRzXC8yMDIzXC8xMVwvc2hyb29tMi53ZWJwIiwic2xpZGVzaG93IjoiMTRlNTIxMCJ9\">\n\t\t\t\t\t<div class=\"e-gallery-image elementor-gallery-item__image\" data-thumbnail=\"https:\/\/missdarling.art\/wp-content\/uploads\/2023\/11\/shroom2-298x300.webp\" data-width=\"298\" data-height=\"300\" aria-label=\"Miss Darling Art oeuvre - Shrooms 2\" role=\"img\" ><\/div>\n\t\t\t\t\t\t\t\t\t\t\t<div class=\"elementor-gallery-item__overlay\"><\/div>\n\t\t\t\t\t\t\t\t\t\t\t\t\t\t<\/a>\n\t\t\t\t\t\t\t<a class=\"e-gallery-item elementor-gallery-item elementor-animated-content\" href=\"https:\/\/missdarling.art\/wp-content\/uploads\/2023\/11\/te_chouette-scaled.webp\" data-elementor-open-lightbox=\"yes\" data-elementor-lightbox-slideshow=\"14e5210\" data-elementor-lightbox-title=\"te_chouette\" data-e-action-hash=\"#elementor-action%3Aaction%3Dlightbox%26settings%3DeyJpZCI6NTk2LCJ1cmwiOiJodHRwczpcL1wvbWlzc2RhcmxpbmcuYXJ0XC93cC1jb250ZW50XC91cGxvYWRzXC8yMDIzXC8xMVwvdGVfY2hvdWV0dGUtc2NhbGVkLndlYnAiLCJzbGlkZXNob3ciOiIxNGU1MjEwIn0%3D\">\n\t\t\t\t\t<div class=\"e-gallery-image elementor-gallery-item__image\" data-thumbnail=\"https:\/\/missdarling.art\/wp-content\/uploads\/2023\/11\/te_chouette-228x300.webp\" data-width=\"228\" data-height=\"300\" aria-label=\"Miss Darling Art oeuvre - T\u00e9 Chouette\" role=\"img\" ><\/div>\n\t\t\t\t\t\t\t\t\t\t\t<div class=\"elementor-gallery-item__overlay\"><\/div>\n\t\t\t\t\t\t\t\t\t\t\t\t\t\t<\/a>\n\t\t\t\t\t\t\t<a class=\"e-gallery-item elementor-gallery-item elementor-animated-content\" href=\"https:\/\/missdarling.art\/wp-content\/uploads\/2023\/11\/chaleursAutomne-scaled.webp\" data-elementor-open-lightbox=\"yes\" data-elementor-lightbox-slideshow=\"14e5210\" data-elementor-lightbox-title=\"chaleursAutomne\" data-e-action-hash=\"#elementor-action%3Aaction%3Dlightbox%26settings%3DeyJpZCI6NTc1LCJ1cmwiOiJodHRwczpcL1wvbWlzc2RhcmxpbmcuYXJ0XC93cC1jb250ZW50XC91cGxvYWRzXC8yMDIzXC8xMVwvY2hhbGV1cnNBdXRvbW5lLXNjYWxlZC53ZWJwIiwic2xpZGVzaG93IjoiMTRlNTIxMCJ9\">\n\t\t\t\t\t<div class=\"e-gallery-image elementor-gallery-item__image\" data-thumbnail=\"https:\/\/missdarling.art\/wp-content\/uploads\/2023\/11\/chaleursAutomne-238x300.webp\" data-width=\"238\" data-height=\"300\" aria-label=\"Miss Darling Art oeuvre - Chaleurs d&#039;automne\" role=\"img\" ><\/div>\n\t\t\t\t\t\t\t\t\t\t\t<div class=\"elementor-gallery-item__overlay\"><\/div>\n\t\t\t\t\t\t\t\t\t\t\t\t\t\t<\/a>\n\t\t\t\t\t\t\t<a class=\"e-gallery-item elementor-gallery-item elementor-animated-content\" href=\"https:\/\/missdarling.art\/wp-content\/uploads\/2023\/11\/memories.webp\" data-elementor-open-lightbox=\"yes\" data-elementor-lightbox-slideshow=\"14e5210\" data-elementor-lightbox-title=\"memories\" data-e-action-hash=\"#elementor-action%3Aaction%3Dlightbox%26settings%3DeyJpZCI6NTg5LCJ1cmwiOiJodHRwczpcL1wvbWlzc2RhcmxpbmcuYXJ0XC93cC1jb250ZW50XC91cGxvYWRzXC8yMDIzXC8xMVwvbWVtb3JpZXMud2VicCIsInNsaWRlc2hvdyI6IjE0ZTUyMTAifQ%3D%3D\">\n\t\t\t\t\t<div class=\"e-gallery-image elementor-gallery-item__image\" data-thumbnail=\"https:\/\/missdarling.art\/wp-content\/uploads\/2023\/11\/memories-239x300.webp\" data-width=\"239\" data-height=\"300\" aria-label=\"Miss Darling Art oeuvre - Memories\" role=\"img\" ><\/div>\n\t\t\t\t\t\t\t\t\t\t\t<div class=\"elementor-gallery-item__overlay\"><\/div>\n\t\t\t\t\t\t\t\t\t\t\t\t\t\t<\/a>\n\t\t\t\t\t<\/div>\n\t\t\t\t\t<\/div>\n\t\t\t\t<\/div>\n\t\t<div class=\"elementor-element elementor-element-1c22b0c e-flex e-con-boxed e-con e-child\" data-id=\"1c22b0c\" data-element_type=\"container\">\n\t\t\t\t\t<div class=\"e-con-inner\">\n\t\t\t\t<div class=\"elementor-element elementor-element-3da671e elementor-widget elementor-widget-button\" data-id=\"3da671e\" data-element_type=\"widget\" data-widget_type=\"button.default\">\n\t\t\t\t<div class=\"elementor-widget-container\">\n\t\t\t\t\t\t\t\t\t<div class=\"elementor-button-wrapper\">\n\t\t\t\t\t<a class=\"elementor-button elementor-button-link elementor-size-md\" href=\"#\">\n\t\t\t\t\t\t<span class=\"elementor-button-content-wrapper\">\n\t\t\t\t\t\t\t\t\t<span class=\"elementor-button-text\">portfolio<\/span>\n\t\t\t\t\t<\/span>\n\t\t\t\t\t<\/a>\n\t\t\t\t<\/div>\n\t\t\t\t\t\t\t\t<\/div>\n\t\t\t\t<\/div>\n\t\t\t\t<div class=\"elementor-element elementor-element-7548929 elementor-widget elementor-widget-button\" data-id=\"7548929\" data-element_type=\"widget\" data-widget_type=\"button.default\">\n\t\t\t\t<div class=\"elementor-widget-container\">\n\t\t\t\t\t\t\t\t\t<div class=\"elementor-button-wrapper\">\n\t\t\t\t\t<a class=\"elementor-button elementor-button-link elementor-size-md\" href=\"#\">\n\t\t\t\t\t\t<span class=\"elementor-button-content-wrapper\">\n\t\t\t\t\t\t\t\t\t<span class=\"elementor-button-text\">boutique<\/span>\n\t\t\t\t\t<\/span>\n\t\t\t\t\t<\/a>\n\t\t\t\t<\/div>\n\t\t\t\t\t\t\t\t<\/div>\n\t\t\t\t<\/div>\n\t\t\t\t\t<\/div>\n\t\t\t\t<\/div>\n\t\t\t\t<\/div>\n\t\t\t\t\t<\/div>\n\t\t\t\t<\/div>\n\t\t\t\t<\/div>\n\t\t<div class=\"elementor-element elementor-element-e7d297f e-con-full e-flex e-con e-parent\" data-id=\"e7d297f\" data-element_type=\"container\" data-settings=\"{&quot;background_background&quot;:&quot;classic&quot;}\">\n\t\t<div class=\"elementor-element elementor-element-30c3fef e-flex e-con-boxed e-con e-child\" data-id=\"30c3fef\" data-element_type=\"container\" data-settings=\"{&quot;background_background&quot;:&quot;classic&quot;}\">\n\t\t\t\t\t<div class=\"e-con-inner\">\n\t\t<div class=\"elementor-element elementor-element-d4b3572 e-con-full e-flex e-con e-child\" data-id=\"d4b3572\" data-element_type=\"container\">\n\t\t<div class=\"elementor-element elementor-element-f61961f e-con-full e-flex e-con e-child\" data-id=\"f61961f\" data-element_type=\"container\">\n\t\t\t\t<div class=\"elementor-element elementor-element-d958ddf elementor-widget elementor-widget-heading\" data-id=\"d958ddf\" data-element_type=\"widget\" data-widget_type=\"heading.default\">\n\t\t\t\t<div class=\"elementor-widget-container\">\n\t\t\t\t\t<h2 class=\"elementor-heading-title elementor-size-default\">CV Artistique<\/h2>\t\t\t\t<\/div>\n\t\t\t\t<\/div>\n\t\t<div class=\"elementor-element elementor-element-9c91456 e-con-full e-flex e-con e-child\" data-id=\"9c91456\" data-element_type=\"container\">\n\t\t\t\t<div class=\"elementor-element elementor-element-109192a elementor-widget elementor-widget-heading\" data-id=\"109192a\" data-element_type=\"widget\" data-widget_type=\"heading.default\">\n\t\t\t\t<div class=\"elementor-widget-container\">\n\t\t\t\t\t<h3 class=\"elementor-heading-title elementor-size-default\">Expositions<\/h3>\t\t\t\t<\/div>\n\t\t\t\t<\/div>\n\t\t\t\t<div class=\"elementor-element elementor-element-6f74d7c elementor-widget elementor-widget-text-editor\" data-id=\"6f74d7c\" data-element_type=\"widget\" data-widget_type=\"text-editor.default\">\n\t\t\t\t<div class=\"elementor-widget-container\">\n\t\t\t\t\t\t\t\t\t<p><b>Permanente<\/b><br \/>\u00c0 l\u2019atelier de l\u2019artiste<\/p><p><span style=\"font-weight: bold;\">Galerie \u00c9ph\u00e9m\u00e8re (AAAVT)<\/span><br \/>Exposition collective<br \/>March\u00e9 de No\u00ebl, Terrebonne, \u202cQu\u00e9bec\u202d,\u202c<br \/><em>5 au 21 d\u00e9cembre 2025<\/em><\/p><p><b>Le Board Show, \u00e9dition 2025<\/b><br \/>Exposition collective<br \/>Galerie d&rsquo;art | Atelier Lucie Michel, \u202cMontr\u00e9al, \u202cQu\u00e9bec\u202d,\u202c<br \/><em>20 et 21 septembre 2025<\/em><\/p><p><b>Salon des artistes<\/b><br \/>Exposition collective<br \/>March\u00e9 Bonsecours, Montr\u00e9al, \u202cQu\u00e9bec\u202d,\u202c<br \/><em>17 au 20 juillet 2025<\/em><\/p><p><b>Symposium de Terrebonne<\/b><br \/>Exposition collective<br \/>\u00cele-des-Moulins, Terrebonne, \u202cQu\u00e9bec\u202d,\u202c<br \/><em>14 au 15 juin 2025<\/em><\/p><p><b>Territoires | 25<\/b><br \/>Exposition collective<br \/>Centre d&rsquo;arts d&rsquo;Argenteuil, Lachute, \u202cQu\u00e9bec\u202d,\u202c<br \/><em>17 janvier au 23 f\u00e9vrier 2025<\/em><\/p><p><em>\u00a0<\/em><\/p><p><b>Galerie \u00c9ph\u00e9m\u00e8re (AAAVT)<\/b><br \/>Exposition collective<br \/>March\u00e9 de No\u00ebl, Terrebonne, \u202cQu\u00e9bec\u202d,\u202c<br \/><em>19 novembre au 6 d\u00e9cembre 2024<\/em><\/p><p><b>Le Board Show, \u00e9dition 2024<\/b><br \/>Exposition collective<br \/>Le Brix, \u202cMontr\u00e9al, \u202cQu\u00e9bec\u202d,\u202c<br \/><em>09 ao\u00fbt au 11 ao\u00fbt 2024<\/em><\/p><p><b>Le retour du printemps<\/b><br \/>Exposition collective<br \/>Galerie Lenoir, \u202cMontr\u00e9al, \u202cQu\u00e9bec\u202d,\u202c<br \/><em>31 mars au 27 avril 2024<\/em><\/p><p><b>Les petits formats de No\u00ebl<\/b><br \/>Exposition collective<br \/>Le Hangart, \u202cQu\u00e9bec\u202d, \u202cQu\u00e9bec\u202d,\u202c<br \/><em>27 novembre au 10 d\u00e9cembre 2023<\/em><\/p><p><b>Individuelle<\/b><br \/>Exposition solo<br \/>Hachem\u202d, \u202cSaint-J\u00e9r\u00f4me\u202d, \u202cQu\u00e9bec\u202d,\u202c<br \/><em>1er\u202d \u202cau 30\u202d \u202cseptembre 2023<\/em><\/p><p><b>Le BoardShow, \u00e9dition 2023<br \/><\/b>Exposition collaborative<br \/>Galerie L\u2019Original, 4455, rue Saint-Denis, Montr\u00e9al\u202c<br \/><em>31 juillet\u202d \u202cau 06 ao\u00fbt 2023<\/em><\/p>\t\t\t\t\t\t\t\t<\/div>\n\t\t\t\t<\/div>\n\t\t\t\t<\/div>\n\t\t\t\t<\/div>\n\t\t<div class=\"elementor-element elementor-element-6bb789f e-con-full e-flex e-con e-child\" data-id=\"6bb789f\" data-element_type=\"container\">\n\t\t<div class=\"elementor-element elementor-element-bc5243b e-flex e-con-boxed e-con e-child\" data-id=\"bc5243b\" data-element_type=\"container\">\n\t\t\t\t\t<div class=\"e-con-inner\">\n\t\t<div class=\"elementor-element elementor-element-53c0190 e-con-full e-flex e-con e-child\" data-id=\"53c0190\" data-element_type=\"container\">\n\t\t\t\t<div class=\"elementor-element elementor-element-f6867e3 elementor-widget elementor-widget-heading\" data-id=\"f6867e3\" data-element_type=\"widget\" data-widget_type=\"heading.default\">\n\t\t\t\t<div class=\"elementor-widget-container\">\n\t\t\t\t\t<h3 class=\"elementor-heading-title elementor-size-default\">FormationS<\/h3>\t\t\t\t<\/div>\n\t\t\t\t<\/div>\n\t\t\t\t<div class=\"elementor-element elementor-element-e801f89 elementor-widget elementor-widget-text-editor\" data-id=\"e801f89\" data-element_type=\"widget\" data-widget_type=\"text-editor.default\">\n\t\t\t\t<div class=\"elementor-widget-container\">\n\t\t\t\t\t\t\t\t\t<p><b>Autodidacte<\/b><br \/><em>Depuis 2004<\/em><\/p><p><strong>milanartinstitute.com<\/strong><br \/>Milan Art Institute &#8211; Mastery program<br \/>Formation en-ligne,<br \/><em>2 novembre 2023 &#8211; en cours d&rsquo;obtention<\/em><\/p><p><strong>D\u00e9marrage d\u2019entreprise en arts visuels<\/strong><br \/>Zoom Acad\u00e9mie<br \/>Cours synchrones de 12 semaines, en-ligne,<br \/><em>Janvier \u00e0 avril 2023<\/em><\/p><p><strong>Explorez la peinture intuitive pour \u00e9liminer les blocages artistiques<\/strong><br \/>Marie-Jos\u00e9e Bergeron<br \/>Atelier d\u2019un jour en pr\u00e9sentiel, Montr\u00e9al, Qu\u00e9bec,<br \/><em>16 mars 2023<\/em><\/p><p><strong>Boldschool.com<\/strong><br \/>Bold School<br \/>Formations multiples asynchrones, en-ligne,<br \/><em>Membre depuis septembre 2022<\/em><\/p>\t\t\t\t\t\t\t\t<\/div>\n\t\t\t\t<\/div>\n\t\t\t\t<\/div>\n\t\t<div class=\"elementor-element elementor-element-60011cf e-con-full e-flex e-con e-child\" data-id=\"60011cf\" data-element_type=\"container\">\n\t\t\t\t<div class=\"elementor-element elementor-element-8b7cc40 elementor-widget elementor-widget-heading\" data-id=\"8b7cc40\" data-element_type=\"widget\" data-widget_type=\"heading.default\">\n\t\t\t\t<div class=\"elementor-widget-container\">\n\t\t\t\t\t<h3 class=\"elementor-heading-title elementor-size-default\">Implication<\/h3>\t\t\t\t<\/div>\n\t\t\t\t<\/div>\n\t\t\t\t<div class=\"elementor-element elementor-element-4dc25d4 elementor-widget elementor-widget-text-editor\" data-id=\"4dc25d4\" data-element_type=\"widget\" data-widget_type=\"text-editor.default\">\n\t\t\t\t<div class=\"elementor-widget-container\">\n\t\t\t\t\t\t\t\t\t<p><b>Membre du conseil d&rsquo;administration de l&rsquo;Association des artistes en arts visuels de Terrebonne<\/b><br \/>Conseill\u00e8re en communication<br \/>Terrebonne, Qu\u00e9bec,<br \/><em>juin 2025 \u00e0 ce jour<\/em><\/p><p><strong>Membre<\/strong><b> de l&rsquo;Association des artistes en arts visuels de Terrebonne<\/b><br \/>Terrebonne, Qu\u00e9bec,<br \/><em>septembre 2024 \u00e0 ce jour<\/em><\/p>\t\t\t\t\t\t\t\t<\/div>\n\t\t\t\t<\/div>\n\t\t\t\t<\/div>\n\t\t\t\t\t<\/div>\n\t\t\t\t<\/div>\n\t\t\t\t<\/div>\n\t\t\t\t<\/div>\n\t\t\t\t\t<\/div>\n\t\t\t\t<\/div>\n\t\t\t\t<\/div>\n\t\t\t\t<\/div>\n\t\t","protected":false},"excerpt":{"rendered":"<p>Biographie N\u00e9e \u00e0 Halifax en Nouvelle-\u00c9cosse en 1981 et \u00e9tablie dans les Laurentides depuis plus de 20 ans, Sascha Nadeau travaille en tant qu\u2019enseignante en Int\u00e9gration multim\u00e9dia au C\u00e9gep de Saint-J\u00e9r\u00f4me (CSTJ). Depuis sa tendre enfance, elle trouve un \u00e9quilibre en pratiquant plusieurs formes d\u2019arts, notamment la danse, la peinture, la photographie et le dessin. [&hellip;]<\/p>\n","protected":false},"author":1,"featured_media":41,"parent":0,"menu_order":0,"comment_status":"closed","ping_status":"closed","template":"","meta":{"_monsterinsights_skip_tracking":false,"_monsterinsights_sitenote_active":false,"_monsterinsights_sitenote_note":"","_monsterinsights_sitenote_category":0,"footnotes":""},"class_list":["post-178","page","type-page","status-publish","has-post-thumbnail","hentry"],"aioseo_notices":[],"_links":{"self":[{"href":"https:\/\/missdarling.art\/fr\/wp-json\/wp\/v2\/pages\/178","targetHints":{"allow":["GET"]}}],"collection":[{"href":"https:\/\/missdarling.art\/fr\/wp-json\/wp\/v2\/pages"}],"about":[{"href":"https:\/\/missdarling.art\/fr\/wp-json\/wp\/v2\/types\/page"}],"author":[{"embeddable":true,"href":"https:\/\/missdarling.art\/fr\/wp-json\/wp\/v2\/users\/1"}],"replies":[{"embeddable":true,"href":"https:\/\/missdarling.art\/fr\/wp-json\/wp\/v2\/comments?post=178"}],"version-history":[{"count":136,"href":"https:\/\/missdarling.art\/fr\/wp-json\/wp\/v2\/pages\/178\/revisions"}],"predecessor-version":[{"id":1644,"href":"https:\/\/missdarling.art\/fr\/wp-json\/wp\/v2\/pages\/178\/revisions\/1644"}],"wp:featuredmedia":[{"embeddable":true,"href":"https:\/\/missdarling.art\/fr\/wp-json\/wp\/v2\/media\/41"}],"wp:attachment":[{"href":"https:\/\/missdarling.art\/fr\/wp-json\/wp\/v2\/media?parent=178"}],"curies":[{"name":"wp","href":"https:\/\/api.w.org\/{rel}","templated":true}]}}