{"id":1571,"date":"2025-03-25T20:30:19","date_gmt":"2025-03-26T00:30:19","guid":{"rendered":"https:\/\/missdarling.art\/fr\/?post_type=product&#038;p=1571"},"modified":"2026-01-19T18:26:08","modified_gmt":"2026-01-19T23:26:08","slug":"magnolia-sweat-a-capuche-unisexe-premium","status":"publish","type":"product","link":"http:\/\/missdarling.art\/fr\/boutique\/magnolia-sweat-a-capuche-unisexe-premium\/","title":{"rendered":"Magnolia | Sweat \u00e0 capuche unisexe premium"},"content":{"rendered":"<div>Une fleur si belle qui arrive si t\u00f4t dans la p\u00e9riode estivale, mais qui est si \u00e9ph\u00e9m\u00e8re. C\u2019est un message pour le d\u00e9but de saison, comme quoi nous devons vivre le moment pr\u00e9sent, puisqu\u2019un simplement clignement des yeux et notre chance pour en profiter sera pass\u00e9e.<\/div>\n<div>&#8212;&#8212;&#8212;&#8212;&#8212;&#8212;&#8212;&#8212;&#8212;-<\/div>\n<ul>\n<li><span>Disponible dans une grande vari\u00e9t\u00e9 de couleurs, des classiques intemporels aux derni\u00e8res tendances.<\/span><\/li>\n<li>Fabriqu\u00e9 \u00e0 partir d&rsquo;un m\u00e9lange de coton fil\u00e9 \u00e0 l&rsquo;anneau et de polyester, avec un ratio qui varie selon la couleur, ce qui le rend parfait pour divers embellissements.<\/li>\n<li>Offre un confort de port toute la journ\u00e9e gr\u00e2ce \u00e0 sa douceur extr\u00eame.<\/li>\n<li>Con\u00e7u avec une coupe unisexe qui convient \u00e0 tous.<\/li>\n<\/ul>\n<p><strong>Guide des tailles<\/strong><\/p>\n<table>\n<tr>\n<td>\u00a0<\/td>\n<td><strong>XS<\/strong><\/td>\n<td><strong>S<\/strong><\/td>\n<td><strong>M<\/strong><\/td>\n<td><strong>L<\/strong><\/td>\n<td><strong>XL<\/strong><\/td>\n<td><strong>XXL<\/strong><\/td>\n<td><strong>3XL<\/strong><\/td>\n<\/tr>\n<tr>\n<td><strong>A) Longueur (cm)<\/strong><\/td>\n<td>64<\/td>\n<td>67<\/td>\n<td>70<\/td>\n<td>73<\/td>\n<td>76<\/td>\n<td>79<\/td>\n<td>82<\/td>\n<\/tr>\n<tr>\n<td><strong>B) Largeur (cm)<\/strong><\/td>\n<td>98<\/td>\n<td>102<\/td>\n<td>112<\/td>\n<td>122<\/td>\n<td>130<\/td>\n<td>138<\/td>\n<td>146<\/td>\n<\/tr>\n<tr>\n<td><strong>B) Demi-poitrine (cm)<\/strong><\/td>\n<td>49<\/td>\n<td>51<\/td>\n<td>56<\/td>\n<td>61<\/td>\n<td>65<\/td>\n<td>69<\/td>\n<td>73<\/td>\n<\/tr>\n<tr>\n<td><strong>C) Longueur des manches (cm)<\/strong><\/td>\n<td>57.5<\/td>\n<td>59<\/td>\n<td>60.5<\/td>\n<td>62<\/td>\n<td>63.5<\/td>\n<td>65<\/td>\n<td>66.5<\/td>\n<\/tr>\n<\/table>\n<table>\n<tr>\n<td>\u00a0<\/td>\n<td><strong>XS<\/strong><\/td>\n<td><strong>S<\/strong><\/td>\n<td><strong>M<\/strong><\/td>\n<td><strong>L<\/strong><\/td>\n<td><strong>XL<\/strong><\/td>\n<td><strong>XXL<\/strong><\/td>\n<td><strong>3XL<\/strong><\/td>\n<\/tr>\n<tr>\n<td><strong>A) Longueur (pouces)<\/strong><\/td>\n<td>25.2<\/td>\n<td>26.4<\/td>\n<td>27.6<\/td>\n<td>28.7<\/td>\n<td>29.9<\/td>\n<td>31.1<\/td>\n<td>32.3<\/td>\n<\/tr>\n<tr>\n<td><strong>B) Largeur (pouces)<\/strong><\/td>\n<td>38.6<\/td>\n<td>40.2<\/td>\n<td>44.1<\/td>\n<td>48<\/td>\n<td>51.2<\/td>\n<td>54.3<\/td>\n<td>57.5<\/td>\n<\/tr>\n<tr>\n<td><strong>B) Demi-poitrine (pouces)<\/strong><\/td>\n<td>19.3<\/td>\n<td>20.1<\/td>\n<td>22<\/td>\n<td>24<\/td>\n<td>25.6<\/td>\n<td>27.2<\/td>\n<td>28.7<\/td>\n<\/tr>\n<tr>\n<td><strong>C) Longueur des manches (pouces)<\/strong><\/td>\n<td>22.6<\/td>\n<td>23.2<\/td>\n<td>23.8<\/td>\n<td>24.4<\/td>\n<td>25<\/td>\n<td>25.6<\/td>\n<td>26.2<\/td>\n<\/tr>\n<\/table>\n<p><strong>Instructions d&rsquo;entretien<\/strong><\/p>\n<table>\n<tr>\n<td>G\u00e9n\u00e9ral<\/td>\n<td>Un sweat \u00e0 capuche polyvalent de haute qualit\u00e9, offrant \u00e0 la fois style et confort pour une utilisation quotidienne.<\/td>\n<\/tr>\n<tr>\n<td>Lavage<\/td>\n<td>Le sweat \u00e0 capuche est lavable en machine, ce qui le rend facile \u00e0 entretenir sans exigences particuli\u00e8res.<\/td>\n<\/tr>\n<tr>\n<td>Rangement<\/td>\n<td>Ranger dans un endroit frais et sec, \u00e0 l&rsquo;abri de la lumi\u00e8re directe du soleil, pour maintenir l&rsquo;int\u00e9grit\u00e9 des couleurs et du tissu.<\/td>\n<\/tr>\n<tr>\n<td>S\u00e9chage<\/td>\n<td>S\u00e9cher en machine \u00e0 basse temp\u00e9rature pour conserver l&rsquo;int\u00e9grit\u00e9 et la douceur du tissu.<\/td>\n<\/tr>\n<\/table>\n","protected":false},"excerpt":{"rendered":"<p>Une fleur si belle qui arrive si t\u00f4t dans la p\u00e9riode estivale, mais qui est si \u00e9ph\u00e9m\u00e8re. C\u2019est un message pour le d\u00e9but de saison, comme quoi nous devons vivre le moment pr\u00e9sent, puisqu\u2019un simplement clignement des yeux et notre chance pour en profiter sera pass\u00e9e. &#8212;&#8212;&#8212;&#8212;&#8212;&#8212;&#8212;&#8212;&#8212;- Disponible dans une grande vari\u00e9t\u00e9 de couleurs, des [&hellip;]<\/p>\n","protected":false},"featured_media":1570,"template":"","meta":{"_monsterinsights_skip_tracking":false,"_monsterinsights_sitenote_active":false,"_monsterinsights_sitenote_note":"","_monsterinsights_sitenote_category":0},"product_brand":[],"product_cat":[40,68],"product_tag":[],"class_list":{"0":"post-1571","1":"product","2":"type-product","3":"status-publish","4":"has-post-thumbnail","6":"product_cat-produits-derives","7":"product_cat-vetements","9":"first","10":"outofstock","11":"shipping-taxable","12":"purchasable","13":"product-type-variable"},"aioseo_notices":[],"_links":{"self":[{"href":"http:\/\/missdarling.art\/fr\/wp-json\/wp\/v2\/product\/1571","targetHints":{"allow":["GET"]}}],"collection":[{"href":"http:\/\/missdarling.art\/fr\/wp-json\/wp\/v2\/product"}],"about":[{"href":"http:\/\/missdarling.art\/fr\/wp-json\/wp\/v2\/types\/product"}],"version-history":[{"count":1,"href":"http:\/\/missdarling.art\/fr\/wp-json\/wp\/v2\/product\/1571\/revisions"}],"predecessor-version":[{"id":1580,"href":"http:\/\/missdarling.art\/fr\/wp-json\/wp\/v2\/product\/1571\/revisions\/1580"}],"wp:featuredmedia":[{"embeddable":true,"href":"http:\/\/missdarling.art\/fr\/wp-json\/wp\/v2\/media\/1570"}],"wp:attachment":[{"href":"http:\/\/missdarling.art\/fr\/wp-json\/wp\/v2\/media?parent=1571"}],"wp:term":[{"taxonomy":"product_brand","embeddable":true,"href":"http:\/\/missdarling.art\/fr\/wp-json\/wp\/v2\/product_brand?post=1571"},{"taxonomy":"product_cat","embeddable":true,"href":"http:\/\/missdarling.art\/fr\/wp-json\/wp\/v2\/product_cat?post=1571"},{"taxonomy":"product_tag","embeddable":true,"href":"http:\/\/missdarling.art\/fr\/wp-json\/wp\/v2\/product_tag?post=1571"}],"curies":[{"name":"wp","href":"https:\/\/api.w.org\/{rel}","templated":true}]}}