{"id":1546,"date":"2025-03-25T20:00:36","date_gmt":"2025-03-26T00:00:36","guid":{"rendered":"https:\/\/missdarling.art\/fr\/boutique\/le-ptit-curieux-cropped-top\/"},"modified":"2026-02-10T11:33:53","modified_gmt":"2026-02-10T16:33:53","slug":"le-ptit-curieux-cropped-top","status":"publish","type":"product","link":"http:\/\/missdarling.art\/fr\/boutique\/le-ptit-curieux-cropped-top\/","title":{"rendered":"Le p&rsquo;tit curieux | Cropped Top"},"content":{"rendered":"<div>\n<p>Le renard, petit \u00eatre rus\u00e9, oui, mais curieux \u00e0 la fois. Un petit regard narquois, mignon, et fragile. Un petit animal qu\u2019il ma fait plaisir d\u2019explorer. Allez voir sa technique de chasse dans la neige, trop mignonne!<\/p>\n<p>&#8212;&#8212;&#8212;&#8212;&#8212;&#8212;&#8212;&#8212;&#8212;&#8212;&#8212;&#8212;&#8212;-<\/p>\n<\/div>\n<ul>\n<li>M\u00e9lange l\u00e9ger et confortable de 50 % coton et 50 % polyester.<\/li>\n<li>Int\u00e8gre un col en bord-c\u00f4te cousu pour un confort accru.<\/li>\n<li>Comprend des coutures \u00e0 double aiguille aux manches et \u00e0 l&rsquo;ourlet du bas pour plus de durabilit\u00e9.<\/li>\n<li>Con\u00e7u avec une \u00e9tiquette d\u00e9tachable pour un retrait facile.<\/li>\n<\/ul>\n<p><strong>Guide des tailles<\/strong><\/p>\n<table>\n<tr>\n<td>\u00a0<\/td>\n<td><strong>XS<\/strong><\/td>\n<td><strong>S<\/strong><\/td>\n<td><strong>M<\/strong><\/td>\n<td><strong>L<\/strong><\/td>\n<td><strong>XL<\/strong><\/td>\n<td><strong>2XL<\/strong><\/td>\n<\/tr>\n<tr>\n<td><strong>A) Longueur (cm)<\/strong><\/td>\n<td>45.7<\/td>\n<td>48.3<\/td>\n<td>50.8<\/td>\n<td>53.3<\/td>\n<td>55.9<\/td>\n<td>58.4<\/td>\n<\/tr>\n<tr>\n<td><strong>B) Largeur (cm)<\/strong><\/td>\n<td>101.6<\/td>\n<td>106.7<\/td>\n<td>111.8<\/td>\n<td>116.8<\/td>\n<td>121.9<\/td>\n<td>127<\/td>\n<\/tr>\n<tr>\n<td><strong>B) Demi-poitrine (cm)<\/strong><\/td>\n<td>50.8<\/td>\n<td>53.3<\/td>\n<td>55.9<\/td>\n<td>58.4<\/td>\n<td>61<\/td>\n<td>63.5<\/td>\n<\/tr>\n<tr>\n<td><strong>C) Longueur des manches (cm)<\/strong><\/td>\n<td>13.3<\/td>\n<td>14.3<\/td>\n<td>15.2<\/td>\n<td>16.2<\/td>\n<td>17.2<\/td>\n<td>18.1<\/td>\n<\/tr>\n<\/table>\n<table>\n<tr>\n<td>\u00a0<\/td>\n<td><strong>XS<\/strong><\/td>\n<td><strong>S<\/strong><\/td>\n<td><strong>M<\/strong><\/td>\n<td><strong>L<\/strong><\/td>\n<td><strong>XL<\/strong><\/td>\n<td><strong>2XL<\/strong><\/td>\n<\/tr>\n<tr>\n<td><strong>A) Longueur (pouces)<\/strong><\/td>\n<td>18<\/td>\n<td>19<\/td>\n<td>20<\/td>\n<td>21<\/td>\n<td>22<\/td>\n<td>23<\/td>\n<\/tr>\n<tr>\n<td><strong>B) Largeur (pouces)<\/strong><\/td>\n<td>40<\/td>\n<td>42<\/td>\n<td>44<\/td>\n<td>46<\/td>\n<td>48<\/td>\n<td>50<\/td>\n<\/tr>\n<tr>\n<td><strong>B) Demi-poitrine (pouces)<\/strong><\/td>\n<td>20<\/td>\n<td>21<\/td>\n<td>22<\/td>\n<td>23<\/td>\n<td>24<\/td>\n<td>25<\/td>\n<\/tr>\n<tr>\n<td><strong>C) Longueur des manches (pouces)<\/strong><\/td>\n<td>5.2<\/td>\n<td>5.6<\/td>\n<td>6<\/td>\n<td>6.4<\/td>\n<td>6.8<\/td>\n<td>7.1<\/td>\n<\/tr>\n<\/table>\n<p><strong>Instructions d&rsquo;entretien<\/strong><\/p>\n<table>\n<tr>\n<td>G\u00e9n\u00e9ral<\/td>\n<td>Choix \u00e9l\u00e9gant et durable pour une utilisation quotidienne, offrant \u00e0 la fois confort et polyvalence.<\/td>\n<\/tr>\n<tr>\n<td>Lavage<\/td>\n<td>Laver le t-shirt en machine en cycle doux conform\u00e9ment aux instructions d&rsquo;entretien pour prolonger la dur\u00e9e de vie.<\/td>\n<\/tr>\n<tr>\n<td>S\u00e9chage<\/td>\n<td>S\u00e9cher en machine \u00e0 basse temp\u00e9rature ou suspendre \u00e0 l&rsquo;air libre pour conserver l&rsquo;int\u00e9grit\u00e9 du tissu et de l&rsquo;impression.<\/td>\n<\/tr>\n<tr>\n<td>Rangement<\/td>\n<td>Ranger le t-shirt dans un endroit frais et sec, \u00e0 l&rsquo;abri de la lumi\u00e8re directe du soleil, pour maintenir la couleur et la qualit\u00e9 du tissu.<\/td>\n<\/tr>\n<\/table>\n","protected":false},"excerpt":{"rendered":"<p>Le renard, petit \u00eatre rus\u00e9, oui, mais curieux \u00e0 la fois. Un petit regard narquois, mignon, et fragile. Un petit animal qu\u2019il ma fait plaisir d\u2019explorer. Allez voir sa technique de chasse dans la neige, trop mignonne! &#8212;&#8212;&#8212;&#8212;&#8212;&#8212;&#8212;&#8212;&#8212;&#8212;&#8212;&#8212;&#8212;- M\u00e9lange l\u00e9ger et confortable de 50 % coton et 50 % polyester. Int\u00e8gre un col en bord-c\u00f4te [&hellip;]<\/p>\n","protected":false},"featured_media":1555,"template":"","meta":{"_monsterinsights_skip_tracking":false,"_monsterinsights_sitenote_active":false,"_monsterinsights_sitenote_note":"","_monsterinsights_sitenote_category":0},"product_brand":[],"product_cat":[40,68],"product_tag":[],"class_list":{"0":"post-1546","1":"product","2":"type-product","3":"status-publish","4":"has-post-thumbnail","6":"product_cat-produits-derives","7":"product_cat-vetements","9":"first","10":"instock","11":"shipping-taxable","12":"purchasable","13":"product-type-variable"},"aioseo_notices":[],"_links":{"self":[{"href":"http:\/\/missdarling.art\/fr\/wp-json\/wp\/v2\/product\/1546","targetHints":{"allow":["GET"]}}],"collection":[{"href":"http:\/\/missdarling.art\/fr\/wp-json\/wp\/v2\/product"}],"about":[{"href":"http:\/\/missdarling.art\/fr\/wp-json\/wp\/v2\/types\/product"}],"version-history":[{"count":1,"href":"http:\/\/missdarling.art\/fr\/wp-json\/wp\/v2\/product\/1546\/revisions"}],"predecessor-version":[{"id":1558,"href":"http:\/\/missdarling.art\/fr\/wp-json\/wp\/v2\/product\/1546\/revisions\/1558"}],"wp:featuredmedia":[{"embeddable":true,"href":"http:\/\/missdarling.art\/fr\/wp-json\/wp\/v2\/media\/1555"}],"wp:attachment":[{"href":"http:\/\/missdarling.art\/fr\/wp-json\/wp\/v2\/media?parent=1546"}],"wp:term":[{"taxonomy":"product_brand","embeddable":true,"href":"http:\/\/missdarling.art\/fr\/wp-json\/wp\/v2\/product_brand?post=1546"},{"taxonomy":"product_cat","embeddable":true,"href":"http:\/\/missdarling.art\/fr\/wp-json\/wp\/v2\/product_cat?post=1546"},{"taxonomy":"product_tag","embeddable":true,"href":"http:\/\/missdarling.art\/fr\/wp-json\/wp\/v2\/product_tag?post=1546"}],"curies":[{"name":"wp","href":"https:\/\/api.w.org\/{rel}","templated":true}]}}