{"id":1544,"date":"2025-03-25T19:38:51","date_gmt":"2025-03-25T23:38:51","guid":{"rendered":"https:\/\/missdarling.art\/fr\/boutique\/le-ptit-curieux-sac-reutilisable\/"},"modified":"2025-03-25T19:44:16","modified_gmt":"2025-03-25T23:44:16","slug":"le-ptit-curieux-sac-reutilisable","status":"publish","type":"product","link":"http:\/\/missdarling.art\/fr\/boutique\/le-ptit-curieux-sac-reutilisable\/","title":{"rendered":"Le p&rsquo;tit curieux | Sac r\u00e9utilisable"},"content":{"rendered":"<div>\n<p>Le renard, petit \u00eatre rus\u00e9, oui, mais curieux \u00e0 la fois. Un petit regard narquois, mignon, et fragile. Un petit animal qu\u2019il ma fait plaisir d\u2019explorer. Allez voir sa technique de chasse dans la neige, trop mignonne!<\/p>\n<\/p>\n<p>&#8212;&#8212;&#8212;&#8212;&#8212;&#8212;&#8212;&#8212;&#8212;&#8212;&#8212;&#8212;&#8212;-<\/p>\n<p>R\u00e9ponds \u00e0 tous tes besoins de transport d&rsquo;objets avec ces sacs-fourre-tout \u00e0 longue anses tout en \u00e9tant \u00e9co. Ces sacs fourre-tout sont dot\u00e9s de coutures renforc\u00e9es sur les anses pour plus de stabilit\u00e9. Tes designs uniques ressortiront sur ces sacs fourre-tout en tissu 100% coton. Tout blanc dans ton design sera trait\u00e9 comme transparent dans le processus d&rsquo;impression pour les sacs fourre-tout de couleur naturelle. Garde cela \u00e0 l&rsquo;esprit pour garantir des r\u00e9sultats optimaux.<\/p>\n<p> &#8211; Coutures renforc\u00e9es sur les anses<br \/>\n <br \/> &#8211; Grande zone imprimable sur la face et sur le dos<br \/>\n <br \/> &#8211; Capacit\u00e9 10 litres <\/p>\n<p> &#8211; 100% coton<br \/>\n <br \/> &#8211; 100-170 g\/m\u00b2 (3-5 oz\/yard\u00b2)<\/p>\n<p> Ce produit est fabriqu\u00e9 \u00e0 la demande. Pas de minimum. <\/p>\n<\/p><\/div>\n<p><strong>Guide des tailles<\/strong><\/p>\n<table>\n<tr>\n<td>\u00a0<\/td>\n<td><strong>Tailles<\/strong><\/td>\n<\/tr>\n<tr>\n<td><strong>Anse (cm)<\/strong><\/td>\n<td>67<\/td>\n<\/tr>\n<tr>\n<td><strong>Longueur (cm)<\/strong><\/td>\n<td>42<\/td>\n<\/tr>\n<tr>\n<td><strong>Largeur (cm)<\/strong><\/td>\n<td>38<\/td>\n<\/tr>\n<\/table>\n<table>\n<tr>\n<td>\u00a0<\/td>\n<td><strong>Tailles<\/strong><\/td>\n<\/tr>\n<tr>\n<td><strong>Anse (pouces)<\/strong><\/td>\n<td>26.4<\/td>\n<\/tr>\n<tr>\n<td><strong>Longueur (pouces)<\/strong><\/td>\n<td>16.5<\/td>\n<\/tr>\n<tr>\n<td><strong>Largeur (pouces)<\/strong><\/td>\n<td>15<\/td>\n<\/tr>\n<\/table>\n<p><strong>Instructions d&rsquo;entretien<\/strong><\/p>\n<table>\n<tr>\n<td>Lavage<\/td>\n<td>Machine, \u00e0 chaud, \u00e0 l&rsquo;envers, couleurs similaires<\/td>\n<\/tr>\n<tr>\n<td>S\u00e9cher en machine<\/td>\n<td>Faible<\/td>\n<\/tr>\n<tr>\n<td>Blanchissement<\/td>\n<td>Uniquement sans chlore<\/td>\n<\/tr>\n<tr>\n<td>Nettoyage \u00e0 sec<\/td>\n<td>Ne pas nettoyer \u00e0 sec<\/td>\n<\/tr>\n<tr>\n<td>Repassage<\/td>\n<td>Ne pas repasser<\/td>\n<\/tr>\n<\/table>\n","protected":false},"excerpt":{"rendered":"<p>Le renard, petit \u00eatre rus\u00e9, oui, mais curieux \u00e0 la fois. Un petit regard narquois, mignon, et fragile. Un petit animal qu\u2019il ma fait plaisir d\u2019explorer. Allez voir sa technique de chasse dans la neige, trop mignonne! &#8212;&#8212;&#8212;&#8212;&#8212;&#8212;&#8212;&#8212;&#8212;&#8212;&#8212;&#8212;&#8212;- R\u00e9ponds \u00e0 tous tes besoins de transport d&rsquo;objets avec ces sacs-fourre-tout \u00e0 longue anses tout en \u00e9tant [&hellip;]<\/p>\n","protected":false},"featured_media":1543,"template":"","meta":{"_monsterinsights_skip_tracking":false,"_monsterinsights_sitenote_active":false,"_monsterinsights_sitenote_note":"","_monsterinsights_sitenote_category":0},"product_brand":[],"product_cat":[69,40],"product_tag":[],"class_list":{"0":"post-1544","1":"product","2":"type-product","3":"status-publish","4":"has-post-thumbnail","6":"product_cat-accessoires","7":"product_cat-produits-derives","9":"first","10":"instock","11":"shipping-taxable","12":"purchasable","13":"product-type-simple"},"aioseo_notices":[],"_links":{"self":[{"href":"http:\/\/missdarling.art\/fr\/wp-json\/wp\/v2\/product\/1544","targetHints":{"allow":["GET"]}}],"collection":[{"href":"http:\/\/missdarling.art\/fr\/wp-json\/wp\/v2\/product"}],"about":[{"href":"http:\/\/missdarling.art\/fr\/wp-json\/wp\/v2\/types\/product"}],"version-history":[{"count":1,"href":"http:\/\/missdarling.art\/fr\/wp-json\/wp\/v2\/product\/1544\/revisions"}],"predecessor-version":[{"id":1545,"href":"http:\/\/missdarling.art\/fr\/wp-json\/wp\/v2\/product\/1544\/revisions\/1545"}],"wp:featuredmedia":[{"embeddable":true,"href":"http:\/\/missdarling.art\/fr\/wp-json\/wp\/v2\/media\/1543"}],"wp:attachment":[{"href":"http:\/\/missdarling.art\/fr\/wp-json\/wp\/v2\/media?parent=1544"}],"wp:term":[{"taxonomy":"product_brand","embeddable":true,"href":"http:\/\/missdarling.art\/fr\/wp-json\/wp\/v2\/product_brand?post=1544"},{"taxonomy":"product_cat","embeddable":true,"href":"http:\/\/missdarling.art\/fr\/wp-json\/wp\/v2\/product_cat?post=1544"},{"taxonomy":"product_tag","embeddable":true,"href":"http:\/\/missdarling.art\/fr\/wp-json\/wp\/v2\/product_tag?post=1544"}],"curies":[{"name":"wp","href":"https:\/\/api.w.org\/{rel}","templated":true}]}}