{"id":1256,"date":"2025-03-18T17:40:04","date_gmt":"2025-03-18T21:40:04","guid":{"rendered":"https:\/\/missdarling.art\/fr\/produit\/le-ptit-curieux-affiche-sur-papier-premium-mat\/"},"modified":"2025-03-21T09:17:46","modified_gmt":"2025-03-21T13:17:46","slug":"le-ptit-curieux-affiche-sur-papier-premium-mat","status":"publish","type":"product","link":"http:\/\/missdarling.art\/fr\/boutique\/le-ptit-curieux-affiche-sur-papier-premium-mat\/","title":{"rendered":"Le p&rsquo;tit curieux | Affiche sur papier premium mat"},"content":{"rendered":"<p>Le renard, petit \u00eatre rus\u00e9, oui, mais curieux \u00e0 la fois. Un petit regard narquois, mignon, et fragile. Un petit animal qu\u2019il ma fait plaisir d\u2019explorer. Allez voir sa technique de chasse dans la neige, trop mignonne!<\/p>\n<p><\/p>\n<p>&#8212;&#8212;&#8212;&#8212;&#8212;&#8212;&#8212;&#8212;&#8212;&#8212;&#8212;&#8212;&#8212;-<\/p>\n<p><\/p>\n<p>Papier mat blanc tr\u00e8s \u00e9pais premium avec finition naturelle non couch\u00e9e lisse luxueuse au toucher.<\/p>\n<p><\/p>\n<p><strong>Caract\u00e9ristiques:<\/strong><\/p>\n<ul>\n<li><strong>Finition du papier:<\/strong> surface non r\u00e9fl\u00e9chissante avec finition mate lisse.<\/li>\n<li><strong>Poids du papier:<\/strong> 200 g\/m\u00b2 (80 lb). Durable.<\/li>\n<li><strong>Impact environnemental:<\/strong> papier certifi\u00e9 FSC ou \u00e9quivalent soutenant des pratiques durables.<\/li>\n<li><strong>Tailles disponibles :<\/strong>\u00a05&Prime;X7&Prime; et 8&Prime;X10&Prime;<\/li>\n<li><strong>Emballage :<\/strong> exp\u00e9di\u00e9 dans un emballage protecteur robuste.<\/li>\n<li><strong>Impression et exp\u00e9dition :<\/strong> Imprim\u00e9 et exp\u00e9di\u00e9 \u00e0 la demande. Pas de minimum.<\/li>\n<\/ul>\n","protected":false},"excerpt":{"rendered":"<p>Le renard, petit \u00eatre rus\u00e9, oui, mais curieux \u00e0 la fois. Un petit regard narquois, mignon, et fragile. Un petit animal qu\u2019il ma fait plaisir d\u2019explorer. Allez voir sa technique de chasse dans la neige, trop mignonne! &#8212;&#8212;&#8212;&#8212;&#8212;&#8212;&#8212;&#8212;&#8212;&#8212;&#8212;&#8212;&#8212;- Papier mat blanc tr\u00e8s \u00e9pais premium avec finition naturelle non couch\u00e9e lisse luxueuse au toucher. Caract\u00e9ristiques: Finition [&hellip;]<\/p>\n","protected":false},"featured_media":1255,"template":"","meta":{"_monsterinsights_skip_tracking":false,"_monsterinsights_sitenote_active":false,"_monsterinsights_sitenote_note":"","_monsterinsights_sitenote_category":0},"product_brand":[],"product_cat":[67,40],"product_tag":[],"class_list":{"0":"post-1256","1":"product","2":"type-product","3":"status-publish","4":"has-post-thumbnail","6":"product_cat-art-mural","7":"product_cat-produits-derives","9":"first","10":"instock","11":"shipping-taxable","12":"purchasable","13":"product-type-variable"},"aioseo_notices":[],"_links":{"self":[{"href":"http:\/\/missdarling.art\/fr\/wp-json\/wp\/v2\/product\/1256","targetHints":{"allow":["GET"]}}],"collection":[{"href":"http:\/\/missdarling.art\/fr\/wp-json\/wp\/v2\/product"}],"about":[{"href":"http:\/\/missdarling.art\/fr\/wp-json\/wp\/v2\/types\/product"}],"version-history":[{"count":0,"href":"http:\/\/missdarling.art\/fr\/wp-json\/wp\/v2\/product\/1256\/revisions"}],"wp:featuredmedia":[{"embeddable":true,"href":"http:\/\/missdarling.art\/fr\/wp-json\/wp\/v2\/media\/1255"}],"wp:attachment":[{"href":"http:\/\/missdarling.art\/fr\/wp-json\/wp\/v2\/media?parent=1256"}],"wp:term":[{"taxonomy":"product_brand","embeddable":true,"href":"http:\/\/missdarling.art\/fr\/wp-json\/wp\/v2\/product_brand?post=1256"},{"taxonomy":"product_cat","embeddable":true,"href":"http:\/\/missdarling.art\/fr\/wp-json\/wp\/v2\/product_cat?post=1256"},{"taxonomy":"product_tag","embeddable":true,"href":"http:\/\/missdarling.art\/fr\/wp-json\/wp\/v2\/product_tag?post=1256"}],"curies":[{"name":"wp","href":"https:\/\/api.w.org\/{rel}","templated":true}]}}