{"id":33,"date":"2023-10-08T10:38:26","date_gmt":"2023-10-08T14:38:26","guid":{"rendered":"https:\/\/missdarling.art\/panier\/"},"modified":"2025-03-21T12:35:07","modified_gmt":"2025-03-21T16:35:07","slug":"panier","status":"publish","type":"page","link":"http:\/\/missdarling.art\/fr\/panier\/","title":{"rendered":"Panier"},"content":{"rendered":"\t\t<div data-elementor-type=\"wp-page\" data-elementor-id=\"33\" class=\"elementor elementor-33\" data-elementor-post-type=\"page\">\n\t\t\t\t<div class=\"elementor-element elementor-element-2b0b1502 e-flex e-con-boxed e-con e-parent\" data-id=\"2b0b1502\" data-element_type=\"container\">\n\t\t\t\t\t<div class=\"e-con-inner\">\n\t\t\t\t\t<\/div>\n\t\t\t\t<\/div>\n\t\t\t\t<\/div>\n\t\t","protected":false},"excerpt":{"rendered":"<p>Retirer l\u2019\u00e9l\u00e9ment Miniature Produit Prix Quantit\u00e9 Sous-total &times; Le p&rsquo;tit curieux | Oeuvre originale &#36;400,00 quantit\u00e9 de Le p&#039;tit curieux | Oeuvre originale &#36;400,00 Appliquer le coupon Total Sous-total &#36;400,00 Exp\u00e9dition Calculer les frais d\u2019exp\u00e9dition Country \/ region S\u00e9lectionner un pays\/r\u00e9gion\u2026CanadaEtats-Unis (USA) Province \/ \u00c9tat S\u00e9lectionnez une option&hellip;AlbertaColombie-BritanniqueManitobaNouveau-BrunswickTerre-Neuve-et-LabradorTerritoires du Nord-OuestNouvelle-\u00c9cosseNunavutOntario\u00cele du Prince-\u00c9douardQu\u00e9becSaskatchewanYukon Ville\u00a0: Code postal [&hellip;]<\/p>\n","protected":false},"author":1,"featured_media":1179,"parent":0,"menu_order":0,"comment_status":"closed","ping_status":"closed","template":"","meta":{"_monsterinsights_skip_tracking":false,"_monsterinsights_sitenote_active":false,"_monsterinsights_sitenote_note":"","_monsterinsights_sitenote_category":0,"footnotes":""},"class_list":["post-33","page","type-page","status-publish","has-post-thumbnail","hentry"],"aioseo_notices":[],"_links":{"self":[{"href":"http:\/\/missdarling.art\/fr\/wp-json\/wp\/v2\/pages\/33","targetHints":{"allow":["GET"]}}],"collection":[{"href":"http:\/\/missdarling.art\/fr\/wp-json\/wp\/v2\/pages"}],"about":[{"href":"http:\/\/missdarling.art\/fr\/wp-json\/wp\/v2\/types\/page"}],"author":[{"embeddable":true,"href":"http:\/\/missdarling.art\/fr\/wp-json\/wp\/v2\/users\/1"}],"replies":[{"embeddable":true,"href":"http:\/\/missdarling.art\/fr\/wp-json\/wp\/v2\/comments?post=33"}],"version-history":[{"count":57,"href":"http:\/\/missdarling.art\/fr\/wp-json\/wp\/v2\/pages\/33\/revisions"}],"predecessor-version":[{"id":1536,"href":"http:\/\/missdarling.art\/fr\/wp-json\/wp\/v2\/pages\/33\/revisions\/1536"}],"wp:featuredmedia":[{"embeddable":true,"href":"http:\/\/missdarling.art\/fr\/wp-json\/wp\/v2\/media\/1179"}],"wp:attachment":[{"href":"http:\/\/missdarling.art\/fr\/wp-json\/wp\/v2\/media?parent=33"}],"curies":[{"name":"wp","href":"https:\/\/api.w.org\/{rel}","templated":true}]}}