{"id":1582,"date":"2025-03-25T20:43:34","date_gmt":"2025-03-26T00:43:34","guid":{"rendered":"https:\/\/missdarling.art\/fr\/boutique\/magnolia-enfant-sweat-a-capuche-jeune-moyen-en-polaire\/"},"modified":"2025-10-15T12:18:57","modified_gmt":"2025-10-15T16:18:57","slug":"magnolia-enfant-sweat-a-capuche-jeune-moyen-en-polaire","status":"publish","type":"product","link":"http:\/\/missdarling.art\/en\/boutique\/magnolia-enfant-sweat-a-capuche-jeune-moyen-en-polaire\/","title":{"rendered":"Magnolia Enfant | Sweat \u00e0 capuche jeune moyen en polaire"},"content":{"rendered":"<ul>\n<li>Composition du tissu\u00a0: 80% coton fil\u00e9 \u00e0 l&rsquo;anneau et 20% polyester<\/li>\n<li>Poids du tissu\u00a0: 285 g\/m\u00b2<\/li>\n<li>Design et confort\u00a0: Int\u00e9rieur douillet et bross\u00e9 avec une face 100 % coton fil\u00e9 \u00e0 l&rsquo;anneau<\/li>\n<li>\u00c9co-responsable\u00a0: Teintures \u00e0 faible impact certifi\u00e9es OEKO-TEX <\/li>\n<li>Capuche et poches\u00a0: Capuche doubl\u00e9e de jersey (sans cordons de serrage), poche ventrale<\/li>\n<li>Coupe et style\u00a0: Coupe classique, structure sans couture<\/li>\n<li>Durabilit\u00e9\u00a0: Partenariats avec Better Cotton, conforme \u00e0 l&rsquo;\u00e9tiquette de suivi CPSIA<\/li>\n<\/ul>\n<p><strong>Guide des tailles<\/strong><\/p>\n<table>\n<tr>\n<td>\u00a0<\/td>\n<td><strong>XS<\/strong><\/td>\n<td><strong>S<\/strong><\/td>\n<td><strong>M<\/strong><\/td>\n<td><strong>L<\/strong><\/td>\n<td><strong>XL<\/strong><\/td>\n<\/tr>\n<tr>\n<td><strong>A) Longueur (cm)<\/strong><\/td>\n<td>50.2<\/td>\n<td>54<\/td>\n<td>57.2<\/td>\n<td>61<\/td>\n<td>64.8<\/td>\n<\/tr>\n<tr>\n<td><strong>B) Largeur (cm)<\/strong><\/td>\n<td>81.2<\/td>\n<td>86.4<\/td>\n<td>91.4<\/td>\n<td>96.6<\/td>\n<td>101.6<\/td>\n<\/tr>\n<tr>\n<td><strong>B) Demi-poitrine (cm)<\/strong><\/td>\n<td>40.6<\/td>\n<td>43.2<\/td>\n<td>45.7<\/td>\n<td>48.3<\/td>\n<td>50.8<\/td>\n<\/tr>\n<tr>\n<td><strong>C) Longueur des manches (cm)<\/strong><\/td>\n<td>59.7<\/td>\n<td>67.3<\/td>\n<td>70.5<\/td>\n<td>76.8<\/td>\n<td>83.8<\/td>\n<\/tr>\n<\/table>\n<table>\n<tr>\n<td>\u00a0<\/td>\n<td><strong>XS<\/strong><\/td>\n<td><strong>S<\/strong><\/td>\n<td><strong>M<\/strong><\/td>\n<td><strong>L<\/strong><\/td>\n<td><strong>XL<\/strong><\/td>\n<\/tr>\n<tr>\n<td><strong>A) Longueur (pouces)<\/strong><\/td>\n<td>19.8<\/td>\n<td>21.3<\/td>\n<td>22.5<\/td>\n<td>24<\/td>\n<td>25.5<\/td>\n<\/tr>\n<tr>\n<td><strong>B) Largeur (pouces)<\/strong><\/td>\n<td>32<\/td>\n<td>34<\/td>\n<td>36<\/td>\n<td>38<\/td>\n<td>40<\/td>\n<\/tr>\n<tr>\n<td><strong>B) Demi-poitrine (pouces)<\/strong><\/td>\n<td>16<\/td>\n<td>17<\/td>\n<td>18<\/td>\n<td>19<\/td>\n<td>20<\/td>\n<\/tr>\n<tr>\n<td><strong>C) Longueur des manches (pouces)<\/strong><\/td>\n<td>23.5<\/td>\n<td>26.5<\/td>\n<td>27.8<\/td>\n<td>30.2<\/td>\n<td>33<\/td>\n<\/tr>\n<\/table>\n<p><strong>Instructions d&rsquo;entretien<\/strong><\/p>\n<table>\n<tr>\n<td>Lavage<\/td>\n<td>\n<p>Lavez d\u00e9licatement \u00e0 la main ou en machine avec de l&rsquo;eau froide et un d\u00e9tergent doux<\/p>\n<\/td>\n<\/tr>\n<tr>\n<td>S\u00e9chage<\/td>\n<td>\n<p>Faites s\u00e9cher en machine \u00e0 basse temp\u00e9rature ou suspendez \u00e0 l&rsquo;air libre, \u00e9vitez l&rsquo;exposition aux chaleurs \u00e9lev\u00e9es.<\/p>\n<\/td>\n<\/tr>\n<tr>\n<td>Repassage<\/td>\n<td>\n<p>R\u00e9glez la chaleur sur basse temp\u00e9rature si n\u00e9cessaire, \u00e9vitez tout contact direct avec le tissu<\/p>\n<\/td>\n<\/tr>\n<tr>\n<td>Rangement<\/td>\n<td>\n<p>Conservez dans un endroit frais et sec, \u00e0 l&rsquo;abri de la lumi\u00e8re directe du soleil<\/p>\n<\/td>\n<\/tr>\n<\/table>","protected":false},"excerpt":{"rendered":"<p>Composition du tissu\u00a0: 80% coton fil\u00e9 \u00e0 l&rsquo;anneau et 20% polyester Poids du tissu\u00a0: 285 g\/m\u00b2 Design et confort\u00a0: Int\u00e9rieur douillet et bross\u00e9 avec une face 100 % coton fil\u00e9 \u00e0 l&rsquo;anneau \u00c9co-responsable\u00a0: Teintures \u00e0 faible impact certifi\u00e9es OEKO-TEX Capuche et poches\u00a0: Capuche doubl\u00e9e de jersey (sans cordons de serrage), poche ventrale Coupe et style\u00a0: [&hellip;]<\/p>","protected":false},"featured_media":1581,"template":"","meta":{"_monsterinsights_skip_tracking":false,"_monsterinsights_sitenote_active":false,"_monsterinsights_sitenote_note":"","_monsterinsights_sitenote_category":0},"product_brand":[],"product_cat":[40,68],"product_tag":[],"class_list":{"0":"post-1582","1":"product","2":"type-product","3":"status-publish","4":"has-post-thumbnail","6":"product_cat-produits-derives","7":"product_cat-vetements","9":"first","10":"instock","11":"shipping-taxable","12":"purchasable","13":"product-type-variable"},"aioseo_notices":[],"_links":{"self":[{"href":"http:\/\/missdarling.art\/en\/wp-json\/wp\/v2\/product\/1582","targetHints":{"allow":["GET"]}}],"collection":[{"href":"http:\/\/missdarling.art\/en\/wp-json\/wp\/v2\/product"}],"about":[{"href":"http:\/\/missdarling.art\/en\/wp-json\/wp\/v2\/types\/product"}],"version-history":[{"count":1,"href":"http:\/\/missdarling.art\/en\/wp-json\/wp\/v2\/product\/1582\/revisions"}],"predecessor-version":[{"id":1590,"href":"http:\/\/missdarling.art\/en\/wp-json\/wp\/v2\/product\/1582\/revisions\/1590"}],"wp:featuredmedia":[{"embeddable":true,"href":"http:\/\/missdarling.art\/en\/wp-json\/wp\/v2\/media\/1581"}],"wp:attachment":[{"href":"http:\/\/missdarling.art\/en\/wp-json\/wp\/v2\/media?parent=1582"}],"wp:term":[{"taxonomy":"product_brand","embeddable":true,"href":"http:\/\/missdarling.art\/en\/wp-json\/wp\/v2\/product_brand?post=1582"},{"taxonomy":"product_cat","embeddable":true,"href":"http:\/\/missdarling.art\/en\/wp-json\/wp\/v2\/product_cat?post=1582"},{"taxonomy":"product_tag","embeddable":true,"href":"http:\/\/missdarling.art\/en\/wp-json\/wp\/v2\/product_tag?post=1582"}],"curies":[{"name":"wp","href":"https:\/\/api.w.org\/{rel}","templated":true}]}}