{"id":1560,"date":"2025-03-25T20:11:32","date_gmt":"2025-03-26T00:11:32","guid":{"rendered":"https:\/\/missdarling.art\/fr\/?post_type=product&#038;p=1560"},"modified":"2026-01-19T18:25:50","modified_gmt":"2026-01-19T23:25:50","slug":"le-ptit-curieux-sweat-a-capuche-unisexe-premium","status":"publish","type":"product","link":"http:\/\/missdarling.art\/en\/boutique\/le-ptit-curieux-sweat-a-capuche-unisexe-premium\/","title":{"rendered":"Le p&rsquo;tit curieux | Sweat \u00e0 capuche unisexe premium"},"content":{"rendered":"<p>Le renard, petit \u00eatre rus\u00e9, oui, mais curieux \u00e0 la fois. Un petit regard narquois, mignon, et fragile. Un petit animal qu\u2019il ma fait plaisir d\u2019explorer. Allez voir sa technique de chasse dans la neige, trop mignonne!\u00a0<\/p>\n<div>\n<div>&#8212;&#8212;&#8212;&#8212;&#8212;&#8212;&#8212;&#8211;<\/div>\n<ul>\n<li>Disponible dans une grande vari\u00e9t\u00e9 de couleurs, des classiques intemporels aux derni\u00e8res tendances.<\/li>\n<li>Fabriqu\u00e9 \u00e0 partir d&rsquo;un m\u00e9lange de coton fil\u00e9 \u00e0 l&rsquo;anneau et de polyester, avec un ratio qui varie selon la couleur, ce qui le rend parfait pour divers embellissements.<\/li>\n<li>Offre un confort de port toute la journ\u00e9e gr\u00e2ce \u00e0 sa douceur extr\u00eame.<\/li>\n<li>Con\u00e7u avec une coupe unisexe qui convient \u00e0 tous.<\/li>\n<\/ul>\n<\/div>\n<p><strong>Guide des tailles<\/strong><\/p>\n<table>\n<tr>\n<td>\u00a0<\/td>\n<td><strong>XS<\/strong><\/td>\n<td><strong>S<\/strong><\/td>\n<td><strong>M<\/strong><\/td>\n<td><strong>L<\/strong><\/td>\n<td><strong>XL<\/strong><\/td>\n<td><strong>XXL<\/strong><\/td>\n<td><strong>3XL<\/strong><\/td>\n<\/tr>\n<tr>\n<td><strong>A) Longueur (cm)<\/strong><\/td>\n<td>64<\/td>\n<td>67<\/td>\n<td>70<\/td>\n<td>73<\/td>\n<td>76<\/td>\n<td>79<\/td>\n<td>82<\/td>\n<\/tr>\n<tr>\n<td><strong>B) Largeur (cm)<\/strong><\/td>\n<td>98<\/td>\n<td>102<\/td>\n<td>112<\/td>\n<td>122<\/td>\n<td>130<\/td>\n<td>138<\/td>\n<td>146<\/td>\n<\/tr>\n<tr>\n<td><strong>B) Demi-poitrine (cm)<\/strong><\/td>\n<td>49<\/td>\n<td>51<\/td>\n<td>56<\/td>\n<td>61<\/td>\n<td>65<\/td>\n<td>69<\/td>\n<td>73<\/td>\n<\/tr>\n<tr>\n<td><strong>C) Longueur des manches (cm)<\/strong><\/td>\n<td>57.5<\/td>\n<td>59<\/td>\n<td>60.5<\/td>\n<td>62<\/td>\n<td>63.5<\/td>\n<td>65<\/td>\n<td>66.5<\/td>\n<\/tr>\n<\/table>\n<table>\n<tr>\n<td>\u00a0<\/td>\n<td><strong>XS<\/strong><\/td>\n<td><strong>S<\/strong><\/td>\n<td><strong>M<\/strong><\/td>\n<td><strong>L<\/strong><\/td>\n<td><strong>XL<\/strong><\/td>\n<td><strong>XXL<\/strong><\/td>\n<td><strong>3XL<\/strong><\/td>\n<\/tr>\n<tr>\n<td><strong>A) Longueur (pouces)<\/strong><\/td>\n<td>25.2<\/td>\n<td>26.4<\/td>\n<td>27.6<\/td>\n<td>28.7<\/td>\n<td>29.9<\/td>\n<td>31.1<\/td>\n<td>32.3<\/td>\n<\/tr>\n<tr>\n<td><strong>B) Largeur (pouces)<\/strong><\/td>\n<td>38.6<\/td>\n<td>40.2<\/td>\n<td>44.1<\/td>\n<td>48<\/td>\n<td>51.2<\/td>\n<td>54.3<\/td>\n<td>57.5<\/td>\n<\/tr>\n<tr>\n<td><strong>B) Demi-poitrine (pouces)<\/strong><\/td>\n<td>19.3<\/td>\n<td>20.1<\/td>\n<td>22<\/td>\n<td>24<\/td>\n<td>25.6<\/td>\n<td>27.2<\/td>\n<td>28.7<\/td>\n<\/tr>\n<tr>\n<td><strong>C) Longueur des manches (pouces)<\/strong><\/td>\n<td>22.6<\/td>\n<td>23.2<\/td>\n<td>23.8<\/td>\n<td>24.4<\/td>\n<td>25<\/td>\n<td>25.6<\/td>\n<td>26.2<\/td>\n<\/tr>\n<\/table>\n<p><strong>Instructions d&rsquo;entretien<\/strong><\/p>\n<table>\n<tr>\n<td>G\u00e9n\u00e9ral<\/td>\n<td>Un sweat \u00e0 capuche polyvalent de haute qualit\u00e9, offrant \u00e0 la fois style et confort pour une utilisation quotidienne.<\/td>\n<\/tr>\n<tr>\n<td>Lavage<\/td>\n<td>Le sweat \u00e0 capuche est lavable en machine, ce qui le rend facile \u00e0 entretenir sans exigences particuli\u00e8res.<\/td>\n<\/tr>\n<tr>\n<td>Rangement<\/td>\n<td>Ranger dans un endroit frais et sec, \u00e0 l&rsquo;abri de la lumi\u00e8re directe du soleil, pour maintenir l&rsquo;int\u00e9grit\u00e9 des couleurs et du tissu.<\/td>\n<\/tr>\n<tr>\n<td>S\u00e9chage<\/td>\n<td>S\u00e9cher en machine \u00e0 basse temp\u00e9rature pour conserver l&rsquo;int\u00e9grit\u00e9 et la douceur du tissu.<\/td>\n<\/tr>\n<\/table>","protected":false},"excerpt":{"rendered":"<p>Le renard, petit \u00eatre rus\u00e9, oui, mais curieux \u00e0 la fois. Un petit regard narquois, mignon, et fragile. Un petit animal qu\u2019il ma fait plaisir d\u2019explorer. Allez voir sa technique de chasse dans la neige, trop mignonne!\u00a0 &#8212;&#8212;&#8212;&#8212;&#8212;&#8212;&#8212;&#8211; Disponible dans une grande vari\u00e9t\u00e9 de couleurs, des classiques intemporels aux derni\u00e8res tendances. Fabriqu\u00e9 \u00e0 partir d&rsquo;un [&hellip;]<\/p>","protected":false},"featured_media":1559,"template":"","meta":{"_monsterinsights_skip_tracking":false,"_monsterinsights_sitenote_active":false,"_monsterinsights_sitenote_note":"","_monsterinsights_sitenote_category":0},"product_brand":[],"product_cat":[40,68],"product_tag":[],"class_list":{"0":"post-1560","1":"product","2":"type-product","3":"status-publish","4":"has-post-thumbnail","6":"product_cat-produits-derives","7":"product_cat-vetements","9":"first","10":"outofstock","11":"shipping-taxable","12":"purchasable","13":"product-type-variable"},"aioseo_notices":[],"_links":{"self":[{"href":"http:\/\/missdarling.art\/en\/wp-json\/wp\/v2\/product\/1560","targetHints":{"allow":["GET"]}}],"collection":[{"href":"http:\/\/missdarling.art\/en\/wp-json\/wp\/v2\/product"}],"about":[{"href":"http:\/\/missdarling.art\/en\/wp-json\/wp\/v2\/types\/product"}],"version-history":[{"count":1,"href":"http:\/\/missdarling.art\/en\/wp-json\/wp\/v2\/product\/1560\/revisions"}],"predecessor-version":[{"id":1569,"href":"http:\/\/missdarling.art\/en\/wp-json\/wp\/v2\/product\/1560\/revisions\/1569"}],"wp:featuredmedia":[{"embeddable":true,"href":"http:\/\/missdarling.art\/en\/wp-json\/wp\/v2\/media\/1559"}],"wp:attachment":[{"href":"http:\/\/missdarling.art\/en\/wp-json\/wp\/v2\/media?parent=1560"}],"wp:term":[{"taxonomy":"product_brand","embeddable":true,"href":"http:\/\/missdarling.art\/en\/wp-json\/wp\/v2\/product_brand?post=1560"},{"taxonomy":"product_cat","embeddable":true,"href":"http:\/\/missdarling.art\/en\/wp-json\/wp\/v2\/product_cat?post=1560"},{"taxonomy":"product_tag","embeddable":true,"href":"http:\/\/missdarling.art\/en\/wp-json\/wp\/v2\/product_tag?post=1560"}],"curies":[{"name":"wp","href":"https:\/\/api.w.org\/{rel}","templated":true}]}}