{"id":1420,"date":"2025-03-19T21:02:19","date_gmt":"2025-03-20T01:02:19","guid":{"rendered":"https:\/\/missdarling.art\/?post_type=product&#038;p=1420"},"modified":"2025-09-16T15:49:24","modified_gmt":"2025-09-16T19:49:24","slug":"le-ptit-curieux-oeuvre-originale","status":"publish","type":"product","link":"http:\/\/missdarling.art\/en\/boutique\/le-ptit-curieux-oeuvre-originale\/","title":{"rendered":"Le p&rsquo;tit curieux | Oeuvre originale"},"content":{"rendered":"<p>Le renard, petit \u00eatre rus\u00e9, oui, mais curieux \u00e0 la fois. Un petit regard narquois, mignon, et fragile. Un petit animal qu\u2019il ma fait plaisir d\u2019explorer. Allez voir sa technique de chasse dans la neige, trop mignonne!<br \/>\nTechnique :\u00a0Technique mixte (acrylique et collage)<\/p>\n<p><strong>Support :\u00a0<\/strong>Toile galerie<\/p>\n<p><strong>Dimensions :\u00a0<\/strong>20\u2033 X 16\u2033<\/p>\n<p><strong>Ann\u00e9e de production :\u00a0<\/strong>2025<\/p>\n<p>&#8212;&#8212;&#8212;&#8212;&#8212;&#8212;&#8212;&#8212;&#8212;&#8212;&#8212;<\/p>\n<p>Ce qui est inclus avec l&rsquo;oeuvre originale :<\/p>\n<ul>\n<li>Certificat d&rsquo;authenticit\u00e9<\/li>\n<li>Syst\u00e8me d&rsquo;accrochage<\/li>\n<li>Emballage fait avec soin<\/li>\n<li>Petite surprise fait main, avec coeur \u2665\ufe0e<\/li>\n<\/ul>","protected":false},"excerpt":{"rendered":"<p>Le renard, petit \u00eatre rus\u00e9, oui, mais curieux \u00e0 la fois. Un petit regard narquois, mignon, et fragile. Un petit animal qu\u2019il ma fait plaisir d\u2019explorer. Allez voir sa technique de chasse dans la neige, trop mignonne! Technique :\u00a0Technique mixte (acrylique et collage) Support :\u00a0Toile galerie Dimensions :\u00a020\u2033 X 16\u2033 Ann\u00e9e de production :\u00a02025 &#8212;&#8212;&#8212;&#8212;&#8212;&#8212;&#8212;&#8212;&#8212;&#8212;&#8212; [&hellip;]<\/p>","protected":false},"featured_media":1187,"template":"","meta":{"_monsterinsights_skip_tracking":false,"_monsterinsights_sitenote_active":false,"_monsterinsights_sitenote_note":"","_monsterinsights_sitenote_category":0},"product_brand":[],"product_cat":[77,41,75],"product_tag":[],"class_list":{"0":"post-1420","1":"product","2":"type-product","3":"status-publish","4":"has-post-thumbnail","6":"product_cat-collage","7":"product_cat-oeuvres-originales","8":"product_cat-technique-mixte","10":"first","11":"instock","12":"shipping-taxable","13":"purchasable","14":"product-type-simple"},"aioseo_notices":[],"_links":{"self":[{"href":"http:\/\/missdarling.art\/en\/wp-json\/wp\/v2\/product\/1420","targetHints":{"allow":["GET"]}}],"collection":[{"href":"http:\/\/missdarling.art\/en\/wp-json\/wp\/v2\/product"}],"about":[{"href":"http:\/\/missdarling.art\/en\/wp-json\/wp\/v2\/types\/product"}],"version-history":[{"count":1,"href":"http:\/\/missdarling.art\/en\/wp-json\/wp\/v2\/product\/1420\/revisions"}],"predecessor-version":[{"id":1605,"href":"http:\/\/missdarling.art\/en\/wp-json\/wp\/v2\/product\/1420\/revisions\/1605"}],"wp:featuredmedia":[{"embeddable":true,"href":"http:\/\/missdarling.art\/en\/wp-json\/wp\/v2\/media\/1187"}],"wp:attachment":[{"href":"http:\/\/missdarling.art\/en\/wp-json\/wp\/v2\/media?parent=1420"}],"wp:term":[{"taxonomy":"product_brand","embeddable":true,"href":"http:\/\/missdarling.art\/en\/wp-json\/wp\/v2\/product_brand?post=1420"},{"taxonomy":"product_cat","embeddable":true,"href":"http:\/\/missdarling.art\/en\/wp-json\/wp\/v2\/product_cat?post=1420"},{"taxonomy":"product_tag","embeddable":true,"href":"http:\/\/missdarling.art\/en\/wp-json\/wp\/v2\/product_tag?post=1420"}],"curies":[{"name":"wp","href":"https:\/\/api.w.org\/{rel}","templated":true}]}}