{"id":2,"date":"2023-10-06T13:46:48","date_gmt":"2023-10-06T17:46:48","guid":{"rendered":"https:\/\/missdarling.art\/?page_id=2"},"modified":"2023-10-16T18:41:02","modified_gmt":"2023-10-16T22:41:02","slug":"page-d-exemple","status":"publish","type":"page","link":"http:\/\/missdarling.art\/en\/page-d-exemple\/","title":{"rendered":"Accueil &#8211; Construction"},"content":{"rendered":"<div data-elementor-type=\"wp-page\" data-elementor-id=\"2\" class=\"elementor elementor-2\" data-elementor-post-type=\"page\">\n\t\t\t\t<div class=\"elementor-element elementor-element-afb7319 e-con-full e-flex e-con e-parent\" data-id=\"afb7319\" data-element_type=\"container\">\n\t\t<div class=\"elementor-element elementor-element-9c3f9a4 e-con-full e-flex e-con e-child\" data-id=\"9c3f9a4\" data-element_type=\"container\" data-settings=\"{&quot;background_background&quot;:&quot;classic&quot;}\">\n\t\t\t\t<div class=\"elementor-element elementor-element-b2c9c46 elementor-widget elementor-widget-image\" data-id=\"b2c9c46\" data-element_type=\"widget\" data-widget_type=\"image.default\">\n\t\t\t\t<div class=\"elementor-widget-container\">\n\t\t\t\t\t\t\t\t\t\t\t\t\t\t\t<img fetchpriority=\"high\" decoding=\"async\" width=\"800\" height=\"381\" src=\"https:\/\/missdarling.art\/wp-content\/uploads\/2023\/10\/darling_art_logo_blc_small.png\" class=\"attachment-large size-large wp-image-42\" alt=\"\" srcset=\"https:\/\/missdarling.art\/wp-content\/uploads\/2023\/10\/darling_art_logo_blc_small.png 800w, https:\/\/missdarling.art\/wp-content\/uploads\/2023\/10\/darling_art_logo_blc_small-300x143.png 300w, https:\/\/missdarling.art\/wp-content\/uploads\/2023\/10\/darling_art_logo_blc_small-768x366.png 768w, https:\/\/missdarling.art\/wp-content\/uploads\/2023\/10\/darling_art_logo_blc_small-600x286.png 600w\" sizes=\"(max-width: 800px) 100vw, 800px\" \/>\t\t\t\t\t\t\t\t\t\t\t\t\t\t\t<\/div>\n\t\t\t\t<\/div>\n\t\t<div class=\"elementor-element elementor-element-ed6a9f7 e-con-full e-flex e-con e-child\" data-id=\"ed6a9f7\" data-element_type=\"container\">\n\t\t\t\t<div class=\"elementor-element elementor-element-4435faa elementor-widget elementor-widget-image\" data-id=\"4435faa\" data-element_type=\"widget\" data-widget_type=\"image.default\">\n\t\t\t\t<div class=\"elementor-widget-container\">\n\t\t\t\t\t\t\t\t\t\t\t\t\t\t\t<img decoding=\"async\" width=\"800\" height=\"534\" src=\"https:\/\/missdarling.art\/wp-content\/uploads\/2023\/10\/saschaArtiste.jpg\" class=\"attachment-large size-large wp-image-69\" alt=\"Miss Darling Art - Sascha Nadeau - Photo\" srcset=\"https:\/\/missdarling.art\/wp-content\/uploads\/2023\/10\/saschaArtiste.jpg 1000w, https:\/\/missdarling.art\/wp-content\/uploads\/2023\/10\/saschaArtiste-300x200.jpg 300w, https:\/\/missdarling.art\/wp-content\/uploads\/2023\/10\/saschaArtiste-768x513.jpg 768w, https:\/\/missdarling.art\/wp-content\/uploads\/2023\/10\/saschaArtiste-600x401.jpg 600w\" sizes=\"(max-width: 800px) 100vw, 800px\" \/>\t\t\t\t\t\t\t\t\t\t\t\t\t\t\t<\/div>\n\t\t\t\t<\/div>\n\t\t\t\t<div class=\"elementor-element elementor-element-ee2192f elementor-widget__width-initial elementor-widget elementor-widget-text-editor\" data-id=\"ee2192f\" data-element_type=\"widget\" data-widget_type=\"text-editor.default\">\n\t\t\t\t<div class=\"elementor-widget-container\">\n\t\t\t\t\t\t\t\t\t<p>Install\u00e9e dans les Laurentides, je suis Miss Darling Art (Sascha Nadeau), une artiste-peintre autodidacte passionn\u00e9e par le monde qui m&rsquo;entoure, l&rsquo;humain, la faune et la flore. J&rsquo;explore le beau et le pr\u00e9cieux dans mes \u0153uvres. Je souhaite vous offrir, \u00e0 travers mes cr\u00e9ations, un moment de pause. Peu importe la dur\u00e9e, seulement le temps de contempler, de vous rem\u00e9morer ce qui vous tient \u00e0 c\u0153ur, afin de vivre une connexion authentique, douce et calme.<\/p>\t\t\t\t\t\t\t\t<\/div>\n\t\t\t\t<\/div>\n\t\t\t\t<\/div>\n\t\t\t\t<\/div>\n\t\t<div class=\"elementor-element elementor-element-441889e e-con-full e-flex e-con e-child\" data-id=\"441889e\" data-element_type=\"container\" data-settings=\"{&quot;background_background&quot;:&quot;classic&quot;}\">\n\t\t<div class=\"elementor-element elementor-element-3f56a01 e-con-full e-flex e-con e-child\" data-id=\"3f56a01\" data-element_type=\"container\">\n\t\t\t\t<div class=\"elementor-element elementor-element-ce75ab6 elementor-widget__width-initial elementor-widget elementor-widget-heading\" data-id=\"ce75ab6\" data-element_type=\"widget\" data-widget_type=\"heading.default\">\n\t\t\t\t<div class=\"elementor-widget-container\">\n\t\t\t\t\t<h2 class=\"elementor-heading-title elementor-size-default\">Restez \u00e0 l'affut!<\/h2>\t\t\t\t<\/div>\n\t\t\t\t<\/div>\n\t\t\t\t<div class=\"elementor-element elementor-element-b809631 elementor-widget elementor-widget-text-editor\" data-id=\"b809631\" data-element_type=\"widget\" data-widget_type=\"text-editor.default\">\n\t\t\t\t<div class=\"elementor-widget-container\">\n\t\t\t\t\t\t\t\t\t<p>Passionn\u00e9.e par l&rsquo;art? Je vous invite \u00e0 vous abonner \u00e0 mon infolettre exclusive. Vous y d\u00e9couvrirez en avant-premi\u00e8re mes nouvelles cr\u00e9ations et suivrez l&rsquo;\u00e9volution de mon travail artistique. Vous aurez un acc\u00e8s privil\u00e9gi\u00e9 aux coulisses de mon processus de cr\u00e9ation, des r\u00e9ductions sp\u00e9ciales sur mes \u0153uvres, et serez inform\u00e9s en priorit\u00e9 des expositions \u00e0 venir. Au plaisir de vous y voir et d&rsquo;\u00e9changer avec vous! Votre artiste de coeur, Miss Darling.<\/p>\t\t\t\t\t\t\t\t<\/div>\n\t\t\t\t<\/div>\n\t\t\t\t<\/div>\n\t\t<div class=\"elementor-element elementor-element-6780f62 e-con-full e-flex e-con e-child\" data-id=\"6780f62\" data-element_type=\"container\">\n\t\t\t\t<div class=\"elementor-element elementor-element-cffc4d4 elementor-button-align-center elementor-widget elementor-widget-form\" data-id=\"cffc4d4\" data-element_type=\"widget\" data-settings=\"{&quot;step_next_label&quot;:&quot;Pro&quot;,&quot;step_previous_label&quot;:&quot;Previous&quot;,&quot;button_width&quot;:&quot;100&quot;,&quot;step_type&quot;:&quot;number_text&quot;,&quot;step_icon_shape&quot;:&quot;circle&quot;}\" data-widget_type=\"form.default\">\n\t\t\t\t<div class=\"elementor-widget-container\">\n\t\t\t\t\t\t\t<form class=\"elementor-form\" method=\"post\" name=\"form_mailchimp\" action=\"\">\n\t\t\t<input type=\"hidden\" name=\"post_id\" value=\"2\"\/>\n\t\t\t<input type=\"hidden\" name=\"form_id\" value=\"cffc4d4\"\/>\n\t\t\t<input type=\"hidden\" name=\"referer_title\" value=\"Accueil \u2013 Construction - Miss Darling Art - Sascha Nadeau\" \/>\n\n\t\t\t\t\t\t\t<input type=\"hidden\" name=\"queried_id\" value=\"2\"\/>\n\t\t\t\n\t\t\t<div class=\"elementor-form-fields-wrapper elementor-labels-\">\n\t\t\t\t\t\t\t\t<div class=\"elementor-field-type-text elementor-field-group elementor-column elementor-field-group-field_ba88381 elementor-col-100 elementor-field-required\">\n\t\t\t\t\t\t\t\t\t\t\t\t<label for=\"form-field-field_ba88381\" class=\"elementor-field-label elementor-screen-only\">\n\t\t\t\t\t\t\t\tprenom\t\t\t\t\t\t\t<\/label>\n\t\t\t\t\t\t\t\t\t\t\t\t\t\t<input size=\"1\" type=\"text\" name=\"form_fields[field_ba88381]\" id=\"form-field-field_ba88381\" class=\"elementor-field elementor-size-sm  elementor-field-textual\" placeholder=\"First name\" required=\"required\">\n\t\t\t\t\t\t\t\t\t\t\t<\/div>\n\t\t\t\t\t\t\t\t<div class=\"elementor-field-type-text elementor-field-group elementor-column elementor-field-group-name elementor-col-100 elementor-field-required\">\n\t\t\t\t\t\t\t\t\t\t\t\t<label for=\"form-field-name\" class=\"elementor-field-label elementor-screen-only\">\n\t\t\t\t\t\t\t\tnom\t\t\t\t\t\t\t<\/label>\n\t\t\t\t\t\t\t\t\t\t\t\t\t\t<input size=\"1\" type=\"text\" name=\"form_fields[name]\" id=\"form-field-name\" class=\"elementor-field elementor-size-sm  elementor-field-textual\" placeholder=\"Name\" required=\"required\">\n\t\t\t\t\t\t\t\t\t\t\t<\/div>\n\t\t\t\t\t\t\t\t<div class=\"elementor-field-type-email elementor-field-group elementor-column elementor-field-group-email elementor-col-100 elementor-field-required\">\n\t\t\t\t\t\t\t\t\t\t\t\t<label for=\"form-field-email\" class=\"elementor-field-label elementor-screen-only\">\n\t\t\t\t\t\t\t\tcourriel\t\t\t\t\t\t\t<\/label>\n\t\t\t\t\t\t\t\t\t\t\t\t\t\t<input size=\"1\" type=\"email\" name=\"form_fields[email]\" id=\"form-field-email\" class=\"elementor-field elementor-size-sm  elementor-field-textual\" placeholder=\"Email\" required=\"required\">\n\t\t\t\t\t\t\t\t\t\t\t<\/div>\n\t\t\t\t\t\t\t\t<div class=\"elementor-field-type-recaptcha_v3 elementor-field-group elementor-column elementor-field-group-field_e3fd05d elementor-col-100 recaptcha_v3-inline\">\n\t\t\t\t\t<div class=\"elementor-field\" id=\"form-field-field_e3fd05d\"><div class=\"elementor-g-recaptcha\" data-sitekey=\"6LdrO5AoAAAAAFPM2p9QPLARPGx1HDKtivcorQMG\" data-type=\"v3\" data-action=\"Form\" data-badge=\"inline\" data-size=\"invisible\"><\/div><\/div>\t\t\t\t<\/div>\n\t\t\t\t\t\t\t\t<div class=\"elementor-field-group elementor-column elementor-field-type-submit elementor-col-100 e-form__buttons\">\n\t\t\t\t\t<button class=\"elementor-button elementor-size-sm\" type=\"submit\">\n\t\t\t\t\t\t<span class=\"elementor-button-content-wrapper\">\n\t\t\t\t\t\t\t\t\t\t\t\t\t\t\t\t\t\t\t\t\t\t<span class=\"elementor-button-text\">Send<\/span>\n\t\t\t\t\t\t\t\t\t\t\t\t\t<\/span>\n\t\t\t\t\t<\/button>\n\t\t\t\t<\/div>\n\t\t\t<\/div>\n\t\t<input type=\"hidden\" name=\"trp-form-language\" value=\"en\"\/><\/form>\n\t\t\t\t\t\t<\/div>\n\t\t\t\t<\/div>\n\t\t\t\t<\/div>\n\t\t\t\t<\/div>\n\t\t<div class=\"elementor-element elementor-element-ba82f42 e-con-full e-flex e-con e-child\" data-id=\"ba82f42\" data-element_type=\"container\" data-settings=\"{&quot;background_background&quot;:&quot;classic&quot;}\">\n\t\t<div class=\"elementor-element elementor-element-13c43c7 e-con-full e-flex e-con e-child\" data-id=\"13c43c7\" data-element_type=\"container\">\n\t\t\t\t<div class=\"elementor-element elementor-element-f0717d2 elementor-widget__width-initial elementor-widget elementor-widget-heading\" data-id=\"f0717d2\" data-element_type=\"widget\" data-widget_type=\"heading.default\">\n\t\t\t\t<div class=\"elementor-widget-container\">\n\t\t\t\t\t<h2 class=\"elementor-heading-title elementor-size-default\">En construction<\/h2>\t\t\t\t<\/div>\n\t\t\t\t<\/div>\n\t\t\t\t<div class=\"elementor-element elementor-element-626accf elementor-widget elementor-widget-text-editor\" data-id=\"626accf\" data-element_type=\"widget\" data-widget_type=\"text-editor.default\">\n\t\t\t\t<div class=\"elementor-widget-container\">\n\t\t\t\t\t\t\t\t\t<p>Bienvenue sur Miss Darling Art ! Je suis tellement excit\u00e9e de vous accueillir ici, m\u00eame si le site est encore en chantier. On est en train de peindre num\u00e9riquement cette toile virtuelle pour vous offrir la meilleure exp\u00e9rience artistique possible. Je travaille fort pour vous pr\u00e9senter mes \u0153uvres et tout ce que j&rsquo;ai \u00e0 partager. Alors, ne vous inqui\u00e9tez pas si tout n&rsquo;est pas encore parfait. Je promets que \u00e7a va valoir le coup ! En attendant, vous pouvez me suivre sur les r\u00e9seaux sociaux pour ne rien manquer de mes derni\u00e8res cr\u00e9ations. Restez \u00e0 l&rsquo;\u00e9coute et merci de votre patience !<\/p>\t\t\t\t\t\t\t\t<\/div>\n\t\t\t\t<\/div>\n\t\t\t\t<\/div>\n\t\t\t\t<div class=\"elementor-element elementor-element-dea1de9 elementor-shape-rounded elementor-grid-0 e-grid-align-center elementor-widget elementor-widget-social-icons\" data-id=\"dea1de9\" data-element_type=\"widget\" data-widget_type=\"social-icons.default\">\n\t\t\t\t<div class=\"elementor-widget-container\">\n\t\t\t\t\t\t\t<div class=\"elementor-social-icons-wrapper elementor-grid\" role=\"list\">\n\t\t\t\t\t\t\t<span class=\"elementor-grid-item\" role=\"listitem\">\n\t\t\t\t\t<a class=\"elementor-icon elementor-social-icon elementor-social-icon-facebook elementor-repeater-item-e575b98\" href=\"https:\/\/www.facebook.com\/missdarling.art\/\" target=\"_blank\">\n\t\t\t\t\t\t<span class=\"elementor-screen-only\">Facebook<\/span>\n\t\t\t\t\t\t<i aria-hidden=\"true\" class=\"fab fa-facebook\"><\/i>\t\t\t\t\t<\/a>\n\t\t\t\t<\/span>\n\t\t\t\t\t\t\t<span class=\"elementor-grid-item\" role=\"listitem\">\n\t\t\t\t\t<a class=\"elementor-icon elementor-social-icon elementor-social-icon-instagram elementor-repeater-item-1de1342\" href=\"https:\/\/www.instagram.com\/missdarling.art\/\" target=\"_blank\">\n\t\t\t\t\t\t<span class=\"elementor-screen-only\">Instagram<\/span>\n\t\t\t\t\t\t<i aria-hidden=\"true\" class=\"fab fa-instagram\"><\/i>\t\t\t\t\t<\/a>\n\t\t\t\t<\/span>\n\t\t\t\t\t<\/div>\n\t\t\t\t\t\t<\/div>\n\t\t\t\t<\/div>\n\t\t\t\t<div class=\"elementor-element elementor-element-9247da5 elementor-widget elementor-widget-shortcode\" data-id=\"9247da5\" data-element_type=\"widget\" data-widget_type=\"shortcode.default\">\n\t\t\t\t<div class=\"elementor-widget-container\">\n\t\t\t\t\t\t\t<div class=\"elementor-shortcode\">\t\t<div id=\"sbi_mod_error\" >\n\t\t\t<span>This error message is only visible to WordPress admins<\/span><br\/>\n\t\t\t<p><strong>Error: No feed with the ID 1 found.<\/strong>\n\t\t\t<p>Please go to the Instagram Feed settings page to create a feed.<\/p>\n\t\t<\/div>\n\t\t<\/div>\n\t\t\t\t\t\t<\/div>\n\t\t\t\t<\/div>\n\t\t\t\t<\/div>\n\t\t\t\t<\/div>\n\t\t\t\t<\/div>","protected":false},"excerpt":{"rendered":"<p>Install\u00e9e dans les Laurentides, je suis Miss Darling Art (Sascha Nadeau), une artiste-peintre autodidacte passionn\u00e9e par le monde qui m&rsquo;entoure, l&rsquo;humain, la faune et la flore. J&rsquo;explore le beau et le pr\u00e9cieux dans mes \u0153uvres. Je souhaite vous offrir, \u00e0 travers mes cr\u00e9ations, un moment de pause. Peu importe la dur\u00e9e, seulement le temps de [&hellip;]<\/p>","protected":false},"author":1,"featured_media":0,"parent":0,"menu_order":0,"comment_status":"closed","ping_status":"open","template":"elementor_canvas","meta":{"_monsterinsights_skip_tracking":false,"_monsterinsights_sitenote_active":false,"_monsterinsights_sitenote_note":"","_monsterinsights_sitenote_category":0,"footnotes":""},"class_list":["post-2","page","type-page","status-publish","hentry"],"aioseo_notices":[],"_links":{"self":[{"href":"http:\/\/missdarling.art\/en\/wp-json\/wp\/v2\/pages\/2","targetHints":{"allow":["GET"]}}],"collection":[{"href":"http:\/\/missdarling.art\/en\/wp-json\/wp\/v2\/pages"}],"about":[{"href":"http:\/\/missdarling.art\/en\/wp-json\/wp\/v2\/types\/page"}],"author":[{"embeddable":true,"href":"http:\/\/missdarling.art\/en\/wp-json\/wp\/v2\/users\/1"}],"replies":[{"embeddable":true,"href":"http:\/\/missdarling.art\/en\/wp-json\/wp\/v2\/comments?post=2"}],"version-history":[{"count":93,"href":"http:\/\/missdarling.art\/en\/wp-json\/wp\/v2\/pages\/2\/revisions"}],"predecessor-version":[{"id":152,"href":"http:\/\/missdarling.art\/en\/wp-json\/wp\/v2\/pages\/2\/revisions\/152"}],"wp:attachment":[{"href":"http:\/\/missdarling.art\/en\/wp-json\/wp\/v2\/media?parent=2"}],"curies":[{"name":"wp","href":"https:\/\/api.w.org\/{rel}","templated":true}]}}