{"id":180,"date":"2023-10-23T20:29:53","date_gmt":"2023-10-24T00:29:53","guid":{"rendered":"https:\/\/missdarling.art\/?page_id=180"},"modified":"2023-11-02T13:57:56","modified_gmt":"2023-11-02T17:57:56","slug":"oeuvres-sur-mesure","status":"publish","type":"page","link":"http:\/\/missdarling.art\/en\/oeuvres-sur-mesure\/","title":{"rendered":"Custom artworks"},"content":{"rendered":"<div data-elementor-type=\"wp-page\" data-elementor-id=\"180\" class=\"elementor elementor-180\" data-elementor-post-type=\"page\">\n\t\t\t\t<div class=\"elementor-element elementor-element-6cc9dba e-con-full e-flex e-con e-parent\" data-id=\"6cc9dba\" data-element_type=\"container\">\n\t\t<div class=\"elementor-element elementor-element-e4d1b42 e-flex e-con-boxed e-con e-child\" data-id=\"e4d1b42\" data-element_type=\"container\">\n\t\t\t\t\t<div class=\"e-con-inner\">\n\t\t<div class=\"elementor-element elementor-element-c03d8ff e-con-full e-flex e-con e-child\" data-id=\"c03d8ff\" data-element_type=\"container\">\n\t\t\t\t<div class=\"elementor-element elementor-element-85a09fd elementor-widget elementor-widget-image\" data-id=\"85a09fd\" data-element_type=\"widget\" data-widget_type=\"image.default\">\n\t\t\t\t<div class=\"elementor-widget-container\">\n\t\t\t\t\t\t\t\t\t\t\t\t\t\t\t<img fetchpriority=\"high\" decoding=\"async\" width=\"600\" height=\"420\" src=\"https:\/\/missdarling.art\/wp-content\/uploads\/2023\/11\/surMesureOriginale-600x420.webp\" class=\"attachment-woocommerce_single size-woocommerce_single wp-image-641\" alt=\"Miss Darling Art - Oeuvre sur mesure photo originale\" srcset=\"https:\/\/missdarling.art\/wp-content\/uploads\/2023\/11\/surMesureOriginale-600x420.webp 600w, https:\/\/missdarling.art\/wp-content\/uploads\/2023\/11\/surMesureOriginale-300x210.webp 300w, https:\/\/missdarling.art\/wp-content\/uploads\/2023\/11\/surMesureOriginale-18x12.webp 18w, https:\/\/missdarling.art\/wp-content\/uploads\/2023\/11\/surMesureOriginale.webp 768w\" sizes=\"(max-width: 600px) 100vw, 600px\" \/>\t\t\t\t\t\t\t\t\t\t\t\t\t\t\t<\/div>\n\t\t\t\t<\/div>\n\t\t\t\t<div class=\"elementor-element elementor-element-6b32d5e elementor-widget elementor-widget-image\" data-id=\"6b32d5e\" data-element_type=\"widget\" data-widget_type=\"image.default\">\n\t\t\t\t<div class=\"elementor-widget-container\">\n\t\t\t\t\t\t\t\t\t\t\t\t\t\t\t<img decoding=\"async\" width=\"600\" height=\"469\" src=\"https:\/\/missdarling.art\/wp-content\/uploads\/2023\/11\/lana-600x469.webp\" class=\"attachment-woocommerce_single size-woocommerce_single wp-image-584\" alt=\"Miss Darling Art - Oeuvre sur mesure photo finale\" srcset=\"https:\/\/missdarling.art\/wp-content\/uploads\/2023\/11\/lana-600x469.webp 600w, https:\/\/missdarling.art\/wp-content\/uploads\/2023\/11\/lana-300x234.webp 300w, https:\/\/missdarling.art\/wp-content\/uploads\/2023\/11\/lana-1024x800.webp 1024w, https:\/\/missdarling.art\/wp-content\/uploads\/2023\/11\/lana-768x600.webp 768w, https:\/\/missdarling.art\/wp-content\/uploads\/2023\/11\/lana-1536x1200.webp 1536w, https:\/\/missdarling.art\/wp-content\/uploads\/2023\/11\/lana-2048x1601.webp 2048w, https:\/\/missdarling.art\/wp-content\/uploads\/2023\/11\/lana-15x12.webp 15w\" sizes=\"(max-width: 600px) 100vw, 600px\" \/>\t\t\t\t\t\t\t\t\t\t\t\t\t\t\t<\/div>\n\t\t\t\t<\/div>\n\t\t\t\t<\/div>\n\t\t<div class=\"elementor-element elementor-element-4c0d07e e-flex e-con-boxed e-con e-child\" data-id=\"4c0d07e\" data-element_type=\"container\">\n\t\t\t\t\t<div class=\"e-con-inner\">\n\t\t\t\t<div class=\"elementor-element elementor-element-4d16b8c elementor-widget elementor-widget-heading\" data-id=\"4d16b8c\" data-element_type=\"widget\" data-widget_type=\"heading.default\">\n\t\t\t\t<div class=\"elementor-widget-container\">\n\t\t\t\t\t<h2 class=\"elementor-heading-title elementor-size-default\">Commandes sp\u00e9ciales<\/h2>\t\t\t\t<\/div>\n\t\t\t\t<\/div>\n\t\t\t\t<div class=\"elementor-element elementor-element-7d68633 elementor-widget elementor-widget-text-editor\" data-id=\"7d68633\" data-element_type=\"widget\" data-widget_type=\"text-editor.default\">\n\t\t\t\t<div class=\"elementor-widget-container\">\n\t\t\t\t\t\t\t\t\t<p>Si vous cherchez \u00e0 capturer un moment doux et le transformer en une \u0153uvre d\u2019art intemporelle, vous \u00eates au bon endroit. Que ce soit une personne, un animal, une ambiance ou une \u00e9motion que vous souhaitez immortaliser, je suis l\u00e0 pour donner vie \u00e0 votre vision. Mes toiles sont con\u00e7ues pour s\u2019harmoniser parfaitement avec votre d\u00e9cor, afin que vous puissiez profiter pleinement de votre cr\u00e9ation.<\/p><p>N\u2019h\u00e9sitez pas \u00e0 me contacter d\u00e8s maintenant pour commencer \u00e0 travailler ensemble sur votre projet.<\/p>\t\t\t\t\t\t\t\t<\/div>\n\t\t\t\t<\/div>\n\t\t\t\t<div class=\"elementor-element elementor-element-af9bbb2 elementor-button-align-center elementor-widget elementor-widget-form\" data-id=\"af9bbb2\" data-element_type=\"widget\" data-settings=\"{&quot;step_next_label&quot;:&quot;Next&quot;,&quot;step_previous_label&quot;:&quot;Previous&quot;,&quot;step_type&quot;:&quot;number_text&quot;,&quot;step_icon_shape&quot;:&quot;circle&quot;}\" data-widget_type=\"form.default\">\n\t\t\t\t<div class=\"elementor-widget-container\">\n\t\t\t\t\t\t\t<form class=\"elementor-form\" method=\"post\" name=\"New Form\" action=\"\">\n\t\t\t<input type=\"hidden\" name=\"post_id\" value=\"180\"\/>\n\t\t\t<input type=\"hidden\" name=\"form_id\" value=\"af9bbb2\"\/>\n\t\t\t<input type=\"hidden\" name=\"referer_title\" value=\"Oeuvres sur mesure - Miss Darling Art - Sascha Nadeau\" \/>\n\n\t\t\t\t\t\t\t<input type=\"hidden\" name=\"queried_id\" value=\"180\"\/>\n\t\t\t\n\t\t\t<div class=\"elementor-form-fields-wrapper elementor-labels-\">\n\t\t\t\t\t\t\t\t<div class=\"elementor-field-type-text elementor-field-group elementor-column elementor-field-group-name elementor-col-100\">\n\t\t\t\t\t\t\t\t\t\t\t\t<label for=\"form-field-name\" class=\"elementor-field-label elementor-screen-only\">\n\t\t\t\t\t\t\t\tName\t\t\t\t\t\t\t<\/label>\n\t\t\t\t\t\t\t\t\t\t\t\t\t\t<input size=\"1\" type=\"text\" name=\"form_fields[name]\" id=\"form-field-name\" class=\"elementor-field elementor-size-sm  elementor-field-textual\" placeholder=\"Name\">\n\t\t\t\t\t\t\t\t\t\t\t<\/div>\n\t\t\t\t\t\t\t\t<div class=\"elementor-field-type-email elementor-field-group elementor-column elementor-field-group-email elementor-col-100 elementor-field-required\">\n\t\t\t\t\t\t\t\t\t\t\t\t<label for=\"form-field-email\" class=\"elementor-field-label elementor-screen-only\">\n\t\t\t\t\t\t\t\tEmail\t\t\t\t\t\t\t<\/label>\n\t\t\t\t\t\t\t\t\t\t\t\t\t\t<input size=\"1\" type=\"email\" name=\"form_fields[email]\" id=\"form-field-email\" class=\"elementor-field elementor-size-sm  elementor-field-textual\" placeholder=\"Email\" required=\"required\">\n\t\t\t\t\t\t\t\t\t\t\t<\/div>\n\t\t\t\t\t\t\t\t<div class=\"elementor-field-type-textarea elementor-field-group elementor-column elementor-field-group-message elementor-col-100\">\n\t\t\t\t\t\t\t\t\t\t\t\t<label for=\"form-field-message\" class=\"elementor-field-label elementor-screen-only\">\n\t\t\t\t\t\t\t\tMessage\t\t\t\t\t\t\t<\/label>\n\t\t\t\t\t\t<textarea class=\"elementor-field-textual elementor-field  elementor-size-sm\" name=\"form_fields[message]\" id=\"form-field-message\" rows=\"4\" placeholder=\"Message\"><\/textarea>\t\t\t\t<\/div>\n\t\t\t\t\t\t\t\t<div class=\"elementor-field-group elementor-column elementor-field-type-submit elementor-col-100 e-form__buttons\">\n\t\t\t\t\t<button class=\"elementor-button elementor-size-md\" type=\"submit\">\n\t\t\t\t\t\t<span class=\"elementor-button-content-wrapper\">\n\t\t\t\t\t\t\t\t\t\t\t\t\t\t\t\t\t\t\t\t\t\t<span class=\"elementor-button-text\">Send<\/span>\n\t\t\t\t\t\t\t\t\t\t\t\t\t<\/span>\n\t\t\t\t\t<\/button>\n\t\t\t\t<\/div>\n\t\t\t<\/div>\n\t\t<input type=\"hidden\" name=\"trp-form-language\" value=\"en\"\/><\/form>\n\t\t\t\t\t\t<\/div>\n\t\t\t\t<\/div>\n\t\t\t\t\t<\/div>\n\t\t\t\t<\/div>\n\t\t\t\t\t<\/div>\n\t\t\t\t<\/div>\n\t\t\t\t<\/div>\n\t\t\t\t<\/div>","protected":false},"excerpt":{"rendered":"<p>Commandes sp\u00e9ciales Si vous cherchez \u00e0 capturer un moment doux et le transformer en une \u0153uvre d\u2019art intemporelle, vous \u00eates au bon endroit. Que ce soit une personne, un animal, une ambiance ou une \u00e9motion que vous souhaitez immortaliser, je suis l\u00e0 pour donner vie \u00e0 votre vision. Mes toiles sont con\u00e7ues pour s\u2019harmoniser parfaitement [&hellip;]<\/p>","protected":false},"author":1,"featured_media":584,"parent":0,"menu_order":0,"comment_status":"closed","ping_status":"closed","template":"","meta":{"_monsterinsights_skip_tracking":false,"_monsterinsights_sitenote_active":false,"_monsterinsights_sitenote_note":"","_monsterinsights_sitenote_category":0,"footnotes":""},"class_list":["post-180","page","type-page","status-publish","has-post-thumbnail","hentry"],"aioseo_notices":[],"_links":{"self":[{"href":"http:\/\/missdarling.art\/en\/wp-json\/wp\/v2\/pages\/180","targetHints":{"allow":["GET"]}}],"collection":[{"href":"http:\/\/missdarling.art\/en\/wp-json\/wp\/v2\/pages"}],"about":[{"href":"http:\/\/missdarling.art\/en\/wp-json\/wp\/v2\/types\/page"}],"author":[{"embeddable":true,"href":"http:\/\/missdarling.art\/en\/wp-json\/wp\/v2\/users\/1"}],"replies":[{"embeddable":true,"href":"http:\/\/missdarling.art\/en\/wp-json\/wp\/v2\/comments?post=180"}],"version-history":[{"count":52,"href":"http:\/\/missdarling.art\/en\/wp-json\/wp\/v2\/pages\/180\/revisions"}],"predecessor-version":[{"id":823,"href":"http:\/\/missdarling.art\/en\/wp-json\/wp\/v2\/pages\/180\/revisions\/823"}],"wp:featuredmedia":[{"embeddable":true,"href":"http:\/\/missdarling.art\/en\/wp-json\/wp\/v2\/media\/584"}],"wp:attachment":[{"href":"http:\/\/missdarling.art\/en\/wp-json\/wp\/v2\/media?parent=180"}],"curies":[{"name":"wp","href":"https:\/\/api.w.org\/{rel}","templated":true}]}}